{"id":21,"date":"2017-07-27T13:20:03","date_gmt":"2017-07-27T11:20:03","guid":{"rendered":"http:\/\/stanekbrandmeir.flostanek.at\/?page_id=21"},"modified":"2023-03-20T11:32:31","modified_gmt":"2023-03-20T10:32:31","slug":"stuecke","status":"publish","type":"page","link":"http:\/\/stanekbrandmeir.flostanek.at\/en\/stuecke\/","title":{"rendered":"Plays"},"content":{"rendered":"<div class=\"wp-block-media-text alignwide is-stacked-on-mobile\"><figure class=\"wp-block-media-text__media\"><img data-recalc-dims=\"1\" loading=\"lazy\" decoding=\"async\" width=\"1024\" height=\"682\" data-attachment-id=\"3638\" data-permalink=\"http:\/\/stanekbrandmeir.flostanek.at\/en\/stuecke\/das-neinhorn\/nl_neinhorn_133_astella-kopie-2\/\" data-orig-file=\"https:\/\/i0.wp.com\/stanekbrandmeir.flostanek.at\/wp-content\/uploads\/2023\/03\/NL_NEINHORN_133_A%C2%A9stella-Kopie-1-scaled-e1679307667414.jpg?fit=1000%2C666\" data-orig-size=\"1000,666\" data-comments-opened=\"0\" data-image-meta=\"{&quot;aperture&quot;:&quot;2.8&quot;,&quot;credit&quot;:&quot;&quot;,&quot;camera&quot;:&quot;ILCE-1&quot;,&quot;caption&quot;:&quot;&quot;,&quot;created_timestamp&quot;:&quot;1678525093&quot;,&quot;copyright&quot;:&quot;STELLA KAGER&quot;,&quot;focal_length&quot;:&quot;50&quot;,&quot;iso&quot;:&quot;1600&quot;,&quot;shutter_speed&quot;:&quot;0.0015625&quot;,&quot;title&quot;:&quot;&quot;,&quot;orientation&quot;:&quot;1&quot;}\" data-image-title=\"Das Neinhorn Stanek Brand Next Liberty Graz Marc-Uwe Kling\" data-image-description=\"\" data-image-caption=\"\" data-large-file=\"https:\/\/i0.wp.com\/stanekbrandmeir.flostanek.at\/wp-content\/uploads\/2023\/03\/NL_NEINHORN_133_A%C2%A9stella-Kopie-1-scaled-e1679307667414.jpg?fit=1024%2C682\" src=\"https:\/\/i0.wp.com\/stanekbrandmeir.flostanek.at\/wp-content\/uploads\/2023\/03\/NL_NEINHORN_133_A%C2%A9stella-Kopie-1.jpg?resize=1024%2C682\" alt=\"\" class=\"wp-image-3638 size-full\"\/><\/figure><div class=\"wp-block-media-text__content\">\n<p class=\"has-large-font-size\"><a href=\"http:\/\/stanekbrandmeir.flostanek.at\/en\/stuecke\/das-neinhorn\/\">Das Neinhorn<\/a><\/p>\n\n\n\n<p>2023<\/p>\n<\/div><\/div>\n\n\n\n<div class=\"wp-block-media-text alignwide is-stacked-on-mobile\"><figure class=\"wp-block-media-text__media\"><img data-recalc-dims=\"1\" loading=\"lazy\" decoding=\"async\" width=\"940\" height=\"600\" data-attachment-id=\"3614\" data-permalink=\"http:\/\/stanekbrandmeir.flostanek.at\/en\/stuecke\/titelbild-3\/\" data-orig-file=\"https:\/\/i0.wp.com\/stanekbrandmeir.flostanek.at\/wp-content\/uploads\/2022\/12\/Titelbild-3.png?fit=940%2C600\" data-orig-size=\"940,600\" data-comments-opened=\"0\" data-image-meta=\"{&quot;aperture&quot;:&quot;0&quot;,&quot;credit&quot;:&quot;&quot;,&quot;camera&quot;:&quot;&quot;,&quot;caption&quot;:&quot;&quot;,&quot;created_timestamp&quot;:&quot;0&quot;,&quot;copyright&quot;:&quot;&quot;,&quot;focal_length&quot;:&quot;0&quot;,&quot;iso&quot;:&quot;0&quot;,&quot;shutter_speed&quot;:&quot;0&quot;,&quot;title&quot;:&quot;&quot;,&quot;orientation&quot;:&quot;0&quot;}\" data-image-title=\"Florian Stanek Sebastian Brand Frau Holle Oper Graz Next Libertx\" data-image-description=\"\" data-image-caption=\"\" data-large-file=\"https:\/\/i0.wp.com\/stanekbrandmeir.flostanek.at\/wp-content\/uploads\/2022\/12\/Titelbild-3.png?fit=940%2C600\" src=\"https:\/\/i0.wp.com\/stanekbrandmeir.flostanek.at\/wp-content\/uploads\/2022\/12\/Titelbild-3.png?resize=940%2C600\" alt=\"\" class=\"wp-image-3614 size-full\" srcset=\"https:\/\/i0.wp.com\/stanekbrandmeir.flostanek.at\/wp-content\/uploads\/2022\/12\/Titelbild-3.png?w=940 940w, https:\/\/i0.wp.com\/stanekbrandmeir.flostanek.at\/wp-content\/uploads\/2022\/12\/Titelbild-3.png?resize=300%2C191 300w, https:\/\/i0.wp.com\/stanekbrandmeir.flostanek.at\/wp-content\/uploads\/2022\/12\/Titelbild-3.png?resize=768%2C490 768w, https:\/\/i0.wp.com\/stanekbrandmeir.flostanek.at\/wp-content\/uploads\/2022\/12\/Titelbild-3.png?resize=18%2C12 18w\" sizes=\"auto, (max-width: 940px) 100vw, 940px\" \/><\/figure><div class=\"wp-block-media-text__content\">\n<p class=\"has-large-font-size\"><a href=\"http:\/\/stanekbrandmeir.flostanek.at\/en\/stuecke\/frau-holle\/\">Frau Holle<\/a><\/p>\n\n\n\n<p>Oder: Wetter ist, was du draus machst!<\/p>\n\n\n\n<p>2022<\/p>\n<\/div><\/div>\n\n\n\n<div class=\"wp-block-media-text alignwide is-stacked-on-mobile\"><figure class=\"wp-block-media-text__media\"><img data-recalc-dims=\"1\" loading=\"lazy\" decoding=\"async\" width=\"506\" height=\"226\" data-attachment-id=\"3435\" data-permalink=\"http:\/\/stanekbrandmeir.flostanek.at\/en\/reifedamen_logo_web-2\/\" data-orig-file=\"https:\/\/i0.wp.com\/stanekbrandmeir.flostanek.at\/wp-content\/uploads\/2021\/10\/ReifeDamen_Logo_web.png?fit=506%2C226\" data-orig-size=\"506,226\" data-comments-opened=\"0\" data-image-meta=\"{&quot;aperture&quot;:&quot;0&quot;,&quot;credit&quot;:&quot;&quot;,&quot;camera&quot;:&quot;&quot;,&quot;caption&quot;:&quot;&quot;,&quot;created_timestamp&quot;:&quot;0&quot;,&quot;copyright&quot;:&quot;&quot;,&quot;focal_length&quot;:&quot;0&quot;,&quot;iso&quot;:&quot;0&quot;,&quot;shutter_speed&quot;:&quot;0&quot;,&quot;title&quot;:&quot;&quot;,&quot;orientation&quot;:&quot;0&quot;}\" data-image-title=\"Florian Stanek Sebastian Brand Reife Damen Musical\" data-image-description=\"\" data-image-caption=\"\" data-large-file=\"https:\/\/i0.wp.com\/stanekbrandmeir.flostanek.at\/wp-content\/uploads\/2021\/10\/ReifeDamen_Logo_web.png?fit=506%2C226\" src=\"https:\/\/i0.wp.com\/stanekbrandmeir.flostanek.at\/wp-content\/uploads\/2021\/10\/ReifeDamen_Logo_web.png?resize=506%2C226\" alt=\"\" class=\"wp-image-3435 size-full\" srcset=\"https:\/\/i0.wp.com\/stanekbrandmeir.flostanek.at\/wp-content\/uploads\/2021\/10\/ReifeDamen_Logo_web.png?w=506 506w, https:\/\/i0.wp.com\/stanekbrandmeir.flostanek.at\/wp-content\/uploads\/2021\/10\/ReifeDamen_Logo_web.png?resize=300%2C134 300w\" sizes=\"auto, (max-width: 506px) 100vw, 506px\" \/><\/figure><div class=\"wp-block-media-text__content\">\n<p class=\"has-large-font-size\"><a href=\"http:\/\/stanekbrandmeir.flostanek.at\/en\/stuecke\/reife-damen\/\">Mature Ladies<\/a><\/p>\n\n\n\n<p>2021<\/p>\n<\/div><\/div>\n\n\n\n<div class=\"wp-block-media-text alignwide is-stacked-on-mobile\"><figure class=\"wp-block-media-text__media\"><img data-recalc-dims=\"1\" loading=\"lazy\" decoding=\"async\" width=\"800\" height=\"480\" data-attachment-id=\"3319\" data-permalink=\"http:\/\/stanekbrandmeir.flostanek.at\/en\/stuecke\/isolation-club\/csm_01_galerie_isolation_club__c__nasser_hashemi_d71887f44a-1\/\" data-orig-file=\"https:\/\/i0.wp.com\/stanekbrandmeir.flostanek.at\/wp-content\/uploads\/2021\/06\/csm_01_Galerie_Isolation_Club__C__Nasser_Hashemi_d71887f44a-1.jpg?fit=800%2C480\" data-orig-size=\"800,480\" data-comments-opened=\"0\" data-image-meta=\"{&quot;aperture&quot;:&quot;0&quot;,&quot;credit&quot;:&quot;&quot;,&quot;camera&quot;:&quot;&quot;,&quot;caption&quot;:&quot;&quot;,&quot;created_timestamp&quot;:&quot;0&quot;,&quot;copyright&quot;:&quot;&quot;,&quot;focal_length&quot;:&quot;0&quot;,&quot;iso&quot;:&quot;0&quot;,&quot;shutter_speed&quot;:&quot;0&quot;,&quot;title&quot;:&quot;&quot;,&quot;orientation&quot;:&quot;1&quot;}\" data-image-title=\"Isolation Club | Florian Stanek Florian Stanek Sebastian Brand\" data-image-description=\"\" data-image-caption=\"\" data-large-file=\"https:\/\/i0.wp.com\/stanekbrandmeir.flostanek.at\/wp-content\/uploads\/2021\/06\/csm_01_Galerie_Isolation_Club__C__Nasser_Hashemi_d71887f44a-1.jpg?fit=800%2C480\" src=\"https:\/\/i0.wp.com\/stanekbrandmeir.flostanek.at\/wp-content\/uploads\/2021\/06\/csm_01_Galerie_Isolation_Club__C__Nasser_Hashemi_d71887f44a-1.jpg?resize=800%2C480\" alt=\"\" class=\"wp-image-3319 size-full\" srcset=\"https:\/\/i0.wp.com\/stanekbrandmeir.flostanek.at\/wp-content\/uploads\/2021\/06\/csm_01_Galerie_Isolation_Club__C__Nasser_Hashemi_d71887f44a-1.jpg?w=800 800w, https:\/\/i0.wp.com\/stanekbrandmeir.flostanek.at\/wp-content\/uploads\/2021\/06\/csm_01_Galerie_Isolation_Club__C__Nasser_Hashemi_d71887f44a-1.jpg?resize=300%2C180 300w, https:\/\/i0.wp.com\/stanekbrandmeir.flostanek.at\/wp-content\/uploads\/2021\/06\/csm_01_Galerie_Isolation_Club__C__Nasser_Hashemi_d71887f44a-1.jpg?resize=768%2C461 768w\" sizes=\"auto, (max-width: 800px) 100vw, 800px\" \/><\/figure><div class=\"wp-block-media-text__content\">\n<p class=\"has-large-font-size\"><a href=\"http:\/\/stanekbrandmeir.flostanek.at\/en\/stuecke\/isolation-club\/\">Isolation Club<\/a><\/p>\n\n\n\n<p>2021<\/p>\n<\/div><\/div>\n\n\n\n<div class=\"wp-block-media-text alignwide is-stacked-on-mobile\"><figure class=\"wp-block-media-text__media\"><img data-recalc-dims=\"1\" loading=\"lazy\" decoding=\"async\" width=\"532\" height=\"306\" data-attachment-id=\"1950\" data-permalink=\"http:\/\/stanekbrandmeir.flostanek.at\/en\/2018\/09\/29\/urauffuehrung-die-fuerchterlichen-fuenf-am-next-liberty\/nl_2018_web_titel_fuenf-1\/\" data-orig-file=\"https:\/\/i0.wp.com\/stanekbrandmeir.flostanek.at\/wp-content\/uploads\/2018\/06\/nl_2018_web_titel_fuenf-1.png?fit=532%2C306\" data-orig-size=\"532,306\" data-comments-opened=\"0\" data-image-meta=\"{&quot;aperture&quot;:&quot;0&quot;,&quot;credit&quot;:&quot;&quot;,&quot;camera&quot;:&quot;&quot;,&quot;caption&quot;:&quot;&quot;,&quot;created_timestamp&quot;:&quot;0&quot;,&quot;copyright&quot;:&quot;&quot;,&quot;focal_length&quot;:&quot;0&quot;,&quot;iso&quot;:&quot;0&quot;,&quot;shutter_speed&quot;:&quot;0&quot;,&quot;title&quot;:&quot;&quot;,&quot;orientation&quot;:&quot;0&quot;}\" data-image-title=\"Stanek &amp;#038; Brand | Musicalautoren\" data-image-description=\"\" data-image-caption=\"\" data-large-file=\"https:\/\/i0.wp.com\/stanekbrandmeir.flostanek.at\/wp-content\/uploads\/2018\/06\/nl_2018_web_titel_fuenf-1.png?fit=532%2C306\" src=\"https:\/\/i0.wp.com\/stanekbrandmeir.flostanek.at\/wp-content\/uploads\/2018\/06\/nl_2018_web_titel_fuenf-1.png?resize=532%2C306\" alt=\"\" class=\"wp-image-1950 size-full\" srcset=\"https:\/\/i0.wp.com\/stanekbrandmeir.flostanek.at\/wp-content\/uploads\/2018\/06\/nl_2018_web_titel_fuenf-1.png?w=532 532w, https:\/\/i0.wp.com\/stanekbrandmeir.flostanek.at\/wp-content\/uploads\/2018\/06\/nl_2018_web_titel_fuenf-1.png?resize=300%2C173 300w\" sizes=\"auto, (max-width: 532px) 100vw, 532px\" \/><\/figure><div class=\"wp-block-media-text__content\">\n<p class=\"has-large-font-size\"><a href=\"http:\/\/stanekbrandmeir.flostanek.at\/en\/stuecke\/die-fuerchterlichen-fuenf\/\">Die f\u00fcrchterlichen F\u00fcnf<\/a><\/p>\n\n\n\n<p>2019<\/p>\n<\/div><\/div>\n\n\n\n<div class=\"wp-block-media-text alignwide is-stacked-on-mobile\"><figure class=\"wp-block-media-text__media\"><img data-recalc-dims=\"1\" loading=\"lazy\" decoding=\"async\" width=\"960\" height=\"638\" data-attachment-id=\"1937\" data-permalink=\"http:\/\/stanekbrandmeir.flostanek.at\/en\/2016\/08\/08\/urauffuehrung-der-eingebildete-kranke-reloaded\/dekr-produktionsbild1\/\" data-orig-file=\"https:\/\/i0.wp.com\/stanekbrandmeir.flostanek.at\/wp-content\/uploads\/2018\/05\/DEKR-Produktionsbild1.jpg?fit=960%2C638\" data-orig-size=\"960,638\" data-comments-opened=\"0\" data-image-meta=\"{&quot;aperture&quot;:&quot;0&quot;,&quot;credit&quot;:&quot;&quot;,&quot;camera&quot;:&quot;&quot;,&quot;caption&quot;:&quot;&quot;,&quot;created_timestamp&quot;:&quot;0&quot;,&quot;copyright&quot;:&quot;&quot;,&quot;focal_length&quot;:&quot;0&quot;,&quot;iso&quot;:&quot;0&quot;,&quot;shutter_speed&quot;:&quot;0&quot;,&quot;title&quot;:&quot;&quot;,&quot;orientation&quot;:&quot;0&quot;}\" data-image-title=\"Stanek &amp;#038; Brand | Musicalautoren\" data-image-description=\"\" data-image-caption=\"\" data-large-file=\"https:\/\/i0.wp.com\/stanekbrandmeir.flostanek.at\/wp-content\/uploads\/2018\/05\/DEKR-Produktionsbild1.jpg?fit=960%2C638\" src=\"https:\/\/i0.wp.com\/stanekbrandmeir.flostanek.at\/wp-content\/uploads\/2018\/05\/DEKR-Produktionsbild1.jpg?resize=960%2C638\" alt=\"\" class=\"wp-image-1937 size-full\" srcset=\"https:\/\/i0.wp.com\/stanekbrandmeir.flostanek.at\/wp-content\/uploads\/2018\/05\/DEKR-Produktionsbild1.jpg?w=960 960w, https:\/\/i0.wp.com\/stanekbrandmeir.flostanek.at\/wp-content\/uploads\/2018\/05\/DEKR-Produktionsbild1.jpg?resize=300%2C199 300w, https:\/\/i0.wp.com\/stanekbrandmeir.flostanek.at\/wp-content\/uploads\/2018\/05\/DEKR-Produktionsbild1.jpg?resize=768%2C510 768w\" sizes=\"auto, (max-width: 960px) 100vw, 960px\" \/><\/figure><div class=\"wp-block-media-text__content\">\n<p class=\"has-large-font-size\"><a href=\"http:\/\/stanekbrandmeir.flostanek.at\/en\/stuecke\/der-eingebildete-kranke-reloaded\/\">The imaginary Invalid<\/a><\/p>\n\n\n\n<p>2016<\/p>\n<\/div><\/div>\n\n\n\n<div class=\"wp-block-media-text alignwide is-stacked-on-mobile\"><figure class=\"wp-block-media-text__media\"><img data-recalc-dims=\"1\" loading=\"lazy\" decoding=\"async\" width=\"746\" height=\"738\" data-attachment-id=\"3104\" data-permalink=\"http:\/\/stanekbrandmeir.flostanek.at\/en\/?attachment_id=3104\" data-orig-file=\"https:\/\/i0.wp.com\/stanekbrandmeir.flostanek.at\/wp-content\/uploads\/2020\/04\/Cd-Cover-klein.jpg?fit=746%2C738\" data-orig-size=\"746,738\" data-comments-opened=\"0\" data-image-meta=\"{&quot;aperture&quot;:&quot;0&quot;,&quot;credit&quot;:&quot;&quot;,&quot;camera&quot;:&quot;&quot;,&quot;caption&quot;:&quot;&quot;,&quot;created_timestamp&quot;:&quot;0&quot;,&quot;copyright&quot;:&quot;&quot;,&quot;focal_length&quot;:&quot;0&quot;,&quot;iso&quot;:&quot;0&quot;,&quot;shutter_speed&quot;:&quot;0&quot;,&quot;title&quot;:&quot;&quot;,&quot;orientation&quot;:&quot;1&quot;}\" data-image-title=\"Florian Stanek Sebastian Brand Tee um Drei\" data-image-description=\"\" data-image-caption=\"\" data-large-file=\"https:\/\/i0.wp.com\/stanekbrandmeir.flostanek.at\/wp-content\/uploads\/2020\/04\/Cd-Cover-klein.jpg?fit=746%2C738\" src=\"https:\/\/i0.wp.com\/stanekbrandmeir.flostanek.at\/wp-content\/uploads\/2020\/04\/Cd-Cover-klein.jpg?resize=746%2C738\" alt=\"\" class=\"wp-image-3104 size-full\" srcset=\"https:\/\/i0.wp.com\/stanekbrandmeir.flostanek.at\/wp-content\/uploads\/2020\/04\/Cd-Cover-klein.jpg?w=746 746w, https:\/\/i0.wp.com\/stanekbrandmeir.flostanek.at\/wp-content\/uploads\/2020\/04\/Cd-Cover-klein.jpg?resize=300%2C297 300w, https:\/\/i0.wp.com\/stanekbrandmeir.flostanek.at\/wp-content\/uploads\/2020\/04\/Cd-Cover-klein.jpg?resize=600%2C594 600w, https:\/\/i0.wp.com\/stanekbrandmeir.flostanek.at\/wp-content\/uploads\/2020\/04\/Cd-Cover-klein.jpg?resize=100%2C100 100w, https:\/\/i0.wp.com\/stanekbrandmeir.flostanek.at\/wp-content\/uploads\/2020\/04\/Cd-Cover-klein.jpg?resize=50%2C50 50w\" sizes=\"auto, (max-width: 746px) 100vw, 746px\" \/><\/figure><div class=\"wp-block-media-text__content\">\n<p class=\"has-large-font-size\"><a href=\"http:\/\/stanekbrandmeir.flostanek.at\/en\/stuecke\/tee-um-drei\/\">Tea at Three<\/a><\/p>\n\n\n\n<p>2012<\/p>\n<\/div><\/div>","protected":false},"excerpt":{"rendered":"<p>Das Neinhorn 2023 Frau Holle Oder: Wetter ist, was du draus machst! 2022 Reife Damen 2021 Isolation Club 2021 Die f\u00fcrchterlichen F\u00fcnf 2019 Der eingebildet Kranke 2016 Tee um drei 2012<\/p>","protected":false},"author":1,"featured_media":0,"parent":0,"menu_order":0,"comment_status":"closed","ping_status":"closed","template":"","meta":{"_monsterinsights_skip_tracking":false,"_monsterinsights_sitenote_active":false,"_monsterinsights_sitenote_note":"","_monsterinsights_sitenote_category":0,"jetpack_post_was_ever_published":false,"footnotes":""},"class_list":["post-21","page","type-page","status-publish","hentry"],"yoast_head":"<!-- This site is optimized with the Yoast SEO plugin v24.9 - https:\/\/yoast.com\/wordpress\/plugins\/seo\/ -->\n<title>St\u00fccke - STANEK &amp; BRAND<\/title>\n<meta name=\"description\" content=\"Detaillierte Informationen \u00fcber die bisherigen St\u00fccke, Kritiken und Auff\u00fchrungsorte der Musicalkomponisten Florian Stanek und Sebastian Brand.\" \/>\n<meta name=\"robots\" content=\"index, follow, max-snippet:-1, max-image-preview:large, max-video-preview:-1\" \/>\n<link rel=\"canonical\" href=\"https:\/\/stanekbrandmeir.flostanek.at\/en\/stuecke\/\" \/>\n<meta property=\"og:locale\" content=\"en_US\" \/>\n<meta property=\"og:type\" content=\"article\" \/>\n<meta property=\"og:title\" content=\"St\u00fccke - STANEK &amp; BRAND\" \/>\n<meta property=\"og:description\" content=\"Detaillierte Informationen \u00fcber die bisherigen St\u00fccke, Kritiken und Auff\u00fchrungsorte der Musicalkomponisten Florian Stanek und Sebastian Brand.\" \/>\n<meta property=\"og:url\" content=\"https:\/\/stanekbrandmeir.flostanek.at\/en\/stuecke\/\" \/>\n<meta property=\"og:site_name\" content=\"STANEK &amp; BRAND\" \/>\n<meta property=\"article:publisher\" content=\"https:\/\/www.facebook.com\/flo.stanek.9\" \/>\n<meta property=\"article:modified_time\" content=\"2023-03-20T10:32:31+00:00\" \/>\n<meta property=\"og:image\" content=\"http:\/\/stanekbrandmeir.flostanek.at\/wp-content\/uploads\/2022\/12\/Titelbild-3.png\" \/>\n<meta name=\"twitter:card\" content=\"summary_large_image\" \/>\n<meta name=\"twitter:label1\" content=\"Est. reading time\" \/>\n\t<meta name=\"twitter:data1\" content=\"2 minutes\" \/>\n<script type=\"application\/ld+json\" class=\"yoast-schema-graph\">{\"@context\":\"https:\/\/schema.org\",\"@graph\":[{\"@type\":\"WebPage\",\"@id\":\"https:\/\/stanekbrandmeir.flostanek.at\/en\/stuecke\/\",\"url\":\"https:\/\/stanekbrandmeir.flostanek.at\/en\/stuecke\/\",\"name\":\"St\u00fccke - STANEK &amp; BRAND\",\"isPartOf\":{\"@id\":\"http:\/\/stanekbrandmeir.flostanek.at\/#website\"},\"primaryImageOfPage\":{\"@id\":\"https:\/\/stanekbrandmeir.flostanek.at\/en\/stuecke\/#primaryimage\"},\"image\":{\"@id\":\"https:\/\/stanekbrandmeir.flostanek.at\/en\/stuecke\/#primaryimage\"},\"thumbnailUrl\":\"http:\/\/stanekbrandmeir.flostanek.at\/wp-content\/uploads\/2022\/12\/Titelbild-3.png\",\"datePublished\":\"2017-07-27T11:20:03+00:00\",\"dateModified\":\"2023-03-20T10:32:31+00:00\",\"description\":\"Detaillierte Informationen \u00fcber die bisherigen St\u00fccke, Kritiken und Auff\u00fchrungsorte der Musicalkomponisten Florian Stanek und Sebastian Brand.\",\"breadcrumb\":{\"@id\":\"https:\/\/stanekbrandmeir.flostanek.at\/en\/stuecke\/#breadcrumb\"},\"inLanguage\":\"en-US\",\"potentialAction\":[{\"@type\":\"ReadAction\",\"target\":[\"https:\/\/stanekbrandmeir.flostanek.at\/en\/stuecke\/\"]}]},{\"@type\":\"ImageObject\",\"inLanguage\":\"en-US\",\"@id\":\"https:\/\/stanekbrandmeir.flostanek.at\/en\/stuecke\/#primaryimage\",\"url\":\"http:\/\/stanekbrandmeir.flostanek.at\/wp-content\/uploads\/2022\/12\/Titelbild-3.png\",\"contentUrl\":\"http:\/\/stanekbrandmeir.flostanek.at\/wp-content\/uploads\/2022\/12\/Titelbild-3.png\"},{\"@type\":\"BreadcrumbList\",\"@id\":\"https:\/\/stanekbrandmeir.flostanek.at\/en\/stuecke\/#breadcrumb\",\"itemListElement\":[{\"@type\":\"ListItem\",\"position\":1,\"name\":\"Home\",\"item\":\"http:\/\/stanekbrandmeir.flostanek.at\/\"},{\"@type\":\"ListItem\",\"position\":2,\"name\":\"St\u00fccke\"}]},{\"@type\":\"WebSite\",\"@id\":\"http:\/\/stanekbrandmeir.flostanek.at\/#website\",\"url\":\"http:\/\/stanekbrandmeir.flostanek.at\/\",\"name\":\"STANEK &amp; BRAND\",\"description\":\"Autoren f\u00fcr Musiktheater\",\"potentialAction\":[{\"@type\":\"SearchAction\",\"target\":{\"@type\":\"EntryPoint\",\"urlTemplate\":\"http:\/\/stanekbrandmeir.flostanek.at\/?s={search_term_string}\"},\"query-input\":{\"@type\":\"PropertyValueSpecification\",\"valueRequired\":true,\"valueName\":\"search_term_string\"}}],\"inLanguage\":\"en-US\"}]}<\/script>\n<!-- \/ Yoast SEO plugin. -->","yoast_head_json":{"title":"St\u00fccke - STANEK &amp; BRAND","description":"Detaillierte Informationen \u00fcber die bisherigen St\u00fccke, Kritiken und Auff\u00fchrungsorte der Musicalkomponisten Florian Stanek und Sebastian Brand.","robots":{"index":"index","follow":"follow","max-snippet":"max-snippet:-1","max-image-preview":"max-image-preview:large","max-video-preview":"max-video-preview:-1"},"canonical":"https:\/\/stanekbrandmeir.flostanek.at\/en\/stuecke\/","og_locale":"en_US","og_type":"article","og_title":"St\u00fccke - STANEK &amp; BRAND","og_description":"Detaillierte Informationen \u00fcber die bisherigen St\u00fccke, Kritiken und Auff\u00fchrungsorte der Musicalkomponisten Florian Stanek und Sebastian Brand.","og_url":"https:\/\/stanekbrandmeir.flostanek.at\/en\/stuecke\/","og_site_name":"STANEK &amp; BRAND","article_publisher":"https:\/\/www.facebook.com\/flo.stanek.9","article_modified_time":"2023-03-20T10:32:31+00:00","og_image":[{"url":"http:\/\/stanekbrandmeir.flostanek.at\/wp-content\/uploads\/2022\/12\/Titelbild-3.png","type":"","width":"","height":""}],"twitter_card":"summary_large_image","twitter_misc":{"Est. reading time":"2 minutes"},"schema":{"@context":"https:\/\/schema.org","@graph":[{"@type":"WebPage","@id":"https:\/\/stanekbrandmeir.flostanek.at\/en\/stuecke\/","url":"https:\/\/stanekbrandmeir.flostanek.at\/en\/stuecke\/","name":"St\u00fccke - STANEK &amp; BRAND","isPartOf":{"@id":"http:\/\/stanekbrandmeir.flostanek.at\/#website"},"primaryImageOfPage":{"@id":"https:\/\/stanekbrandmeir.flostanek.at\/en\/stuecke\/#primaryimage"},"image":{"@id":"https:\/\/stanekbrandmeir.flostanek.at\/en\/stuecke\/#primaryimage"},"thumbnailUrl":"http:\/\/stanekbrandmeir.flostanek.at\/wp-content\/uploads\/2022\/12\/Titelbild-3.png","datePublished":"2017-07-27T11:20:03+00:00","dateModified":"2023-03-20T10:32:31+00:00","description":"Detaillierte Informationen \u00fcber die bisherigen St\u00fccke, Kritiken und Auff\u00fchrungsorte der Musicalkomponisten Florian Stanek und Sebastian Brand.","breadcrumb":{"@id":"https:\/\/stanekbrandmeir.flostanek.at\/en\/stuecke\/#breadcrumb"},"inLanguage":"en-US","potentialAction":[{"@type":"ReadAction","target":["https:\/\/stanekbrandmeir.flostanek.at\/en\/stuecke\/"]}]},{"@type":"ImageObject","inLanguage":"en-US","@id":"https:\/\/stanekbrandmeir.flostanek.at\/en\/stuecke\/#primaryimage","url":"http:\/\/stanekbrandmeir.flostanek.at\/wp-content\/uploads\/2022\/12\/Titelbild-3.png","contentUrl":"http:\/\/stanekbrandmeir.flostanek.at\/wp-content\/uploads\/2022\/12\/Titelbild-3.png"},{"@type":"BreadcrumbList","@id":"https:\/\/stanekbrandmeir.flostanek.at\/en\/stuecke\/#breadcrumb","itemListElement":[{"@type":"ListItem","position":1,"name":"Home","item":"http:\/\/stanekbrandmeir.flostanek.at\/"},{"@type":"ListItem","position":2,"name":"St\u00fccke"}]},{"@type":"WebSite","@id":"http:\/\/stanekbrandmeir.flostanek.at\/#website","url":"http:\/\/stanekbrandmeir.flostanek.at\/","name":"STANEK &amp; BRAND","description":"Authors for musical theatre","potentialAction":[{"@type":"SearchAction","target":{"@type":"EntryPoint","urlTemplate":"http:\/\/stanekbrandmeir.flostanek.at\/?s={search_term_string}"},"query-input":{"@type":"PropertyValueSpecification","valueRequired":true,"valueName":"search_term_string"}}],"inLanguage":"en-US"}]}},"jetpack_sharing_enabled":true,"jetpack_shortlink":"https:\/\/wp.me\/P9GkQl-l","jetpack_likes_enabled":true,"_links":{"self":[{"href":"http:\/\/stanekbrandmeir.flostanek.at\/en\/wp-json\/wp\/v2\/pages\/21","targetHints":{"allow":["GET"]}}],"collection":[{"href":"http:\/\/stanekbrandmeir.flostanek.at\/en\/wp-json\/wp\/v2\/pages"}],"about":[{"href":"http:\/\/stanekbrandmeir.flostanek.at\/en\/wp-json\/wp\/v2\/types\/page"}],"author":[{"embeddable":true,"href":"http:\/\/stanekbrandmeir.flostanek.at\/en\/wp-json\/wp\/v2\/users\/1"}],"replies":[{"embeddable":true,"href":"http:\/\/stanekbrandmeir.flostanek.at\/en\/wp-json\/wp\/v2\/comments?post=21"}],"version-history":[{"count":12,"href":"http:\/\/stanekbrandmeir.flostanek.at\/en\/wp-json\/wp\/v2\/pages\/21\/revisions"}],"predecessor-version":[{"id":3644,"href":"http:\/\/stanekbrandmeir.flostanek.at\/en\/wp-json\/wp\/v2\/pages\/21\/revisions\/3644"}],"wp:attachment":[{"href":"http:\/\/stanekbrandmeir.flostanek.at\/en\/wp-json\/wp\/v2\/media?parent=21"}],"curies":[{"name":"wp","href":"https:\/\/api.w.org\/{rel}","templated":true}]}}