{"id":23,"date":"2017-07-27T13:20:03","date_gmt":"2017-07-27T11:20:03","guid":{"rendered":"http:\/\/stanekbrandmeir.flostanek.at\/?page_id=23"},"modified":"2021-11-03T15:53:59","modified_gmt":"2021-11-03T14:53:59","slug":"ueber-uns","status":"publish","type":"page","link":"http:\/\/stanekbrandmeir.flostanek.at\/en\/ueber-uns\/","title":{"rendered":"About us"},"content":{"rendered":"<p><a href=\"https:\/\/i0.wp.com\/stanekbrandmeir.flostanek.at\/wp-content\/uploads\/2020\/06\/MG_5686-Bearbeitet-4b.jpg?ssl=1\"><img data-recalc-dims=\"1\" loading=\"lazy\" decoding=\"async\" data-attachment-id=\"3188\" data-permalink=\"http:\/\/stanekbrandmeir.flostanek.at\/en\/ueber-uns\/_mg_5686-bearbeitet-4b-2\/\" data-orig-file=\"https:\/\/i0.wp.com\/stanekbrandmeir.flostanek.at\/wp-content\/uploads\/2020\/06\/MG_5686-Bearbeitet-4b.jpg?fit=2306%2C1415\" data-orig-size=\"2306,1415\" data-comments-opened=\"0\" data-image-meta=\"{&quot;aperture&quot;:&quot;18&quot;,&quot;credit&quot;:&quot;ANDREA PELLER&quot;,&quot;camera&quot;:&quot;Canon EOS 5D Mark IV&quot;,&quot;caption&quot;:&quot;&quot;,&quot;created_timestamp&quot;:&quot;1517234787&quot;,&quot;copyright&quot;:&quot;&quot;,&quot;focal_length&quot;:&quot;62&quot;,&quot;iso&quot;:&quot;125&quot;,&quot;shutter_speed&quot;:&quot;0.008&quot;,&quot;title&quot;:&quot;&quot;,&quot;orientation&quot;:&quot;1&quot;}\" data-image-title=\"Florian Stanek Sebastian Brand Musicalautoren\" data-image-description=\"\" data-image-caption=\"\" data-large-file=\"https:\/\/i0.wp.com\/stanekbrandmeir.flostanek.at\/wp-content\/uploads\/2020\/06\/MG_5686-Bearbeitet-4b.jpg?fit=1024%2C628\" class=\"alignnone  wp-image-3188\" src=\"https:\/\/i0.wp.com\/stanekbrandmeir.flostanek.at\/wp-content\/uploads\/2020\/06\/MG_5686-Bearbeitet-4b-300x184.jpg?resize=674%2C413&#038;ssl=1\" alt=\"\" width=\"674\" height=\"413\" srcset=\"https:\/\/i0.wp.com\/stanekbrandmeir.flostanek.at\/wp-content\/uploads\/2020\/06\/MG_5686-Bearbeitet-4b.jpg?resize=300%2C184 300w, https:\/\/i0.wp.com\/stanekbrandmeir.flostanek.at\/wp-content\/uploads\/2020\/06\/MG_5686-Bearbeitet-4b.jpg?resize=1024%2C628 1024w, https:\/\/i0.wp.com\/stanekbrandmeir.flostanek.at\/wp-content\/uploads\/2020\/06\/MG_5686-Bearbeitet-4b.jpg?resize=768%2C471 768w, https:\/\/i0.wp.com\/stanekbrandmeir.flostanek.at\/wp-content\/uploads\/2020\/06\/MG_5686-Bearbeitet-4b.jpg?resize=1536%2C943 1536w, https:\/\/i0.wp.com\/stanekbrandmeir.flostanek.at\/wp-content\/uploads\/2020\/06\/MG_5686-Bearbeitet-4b.jpg?resize=2048%2C1257 2048w, https:\/\/i0.wp.com\/stanekbrandmeir.flostanek.at\/wp-content\/uploads\/2020\/06\/MG_5686-Bearbeitet-4b.jpg?resize=600%2C368 600w, https:\/\/i0.wp.com\/stanekbrandmeir.flostanek.at\/wp-content\/uploads\/2020\/06\/MG_5686-Bearbeitet-4b.jpg?w=2280 2280w\" sizes=\"auto, (max-width: 674px) 100vw, 674px\" \/><\/a><\/p>\n<table  class=\"table table-hover\" align=\"left\">\n<tbody>\n<tr>\n<th>Sebastian Brand<\/th>\n<th>Florian Stanek<\/th>\n<\/tr>\n<tr>\n<td><strong>Training: <\/strong>Studied school music at the University of Music and Theatre in Munich. State examination in the main subjects piano and trumpet. Studied musical theatre at the Vienna Conservatory (today: MUK). Bachelor with distinction.\n<p>\u00a0<\/p>\n<p><strong>Composition: <\/strong>ISOLATION CLUB (UA 2021, Chemnitz Opera), REIFE DAMEN (UA 2021, Theater Schwedt), NESTROY GALA 2020 (ORF III), DIE F\u00dcRCHTERLICHEN F\u00dcNF (UA 2018, Next Liberty Graz), DER EINGEBILDET KRANKE (UA 2016, Bad Freienwalde), TEE UM DREI (UA 2012 in Wien) und DREAM (UA 2006 in Affing).<\/p>\n<p><strong>Lyrics: <\/strong>IM LABYRINTH DER B\u00dcCHER (UA 2019 Friedrichstadtpalast Berlin)<\/p>\n<p><strong>Musical Direction:<br \/><\/strong>Musical director of the young ensemble and conductor of the Grand Show at the FRIEDRICHSTADTPALAST BERLIN. Choirmaster (Jugendchor Derching, Chor INSIEME!) and musical director of numerous projects (e.g. ERNST-JANDL-COLLAGE, Gospelmusical JORDAN).<\/p>\n<p><strong>Stage engagements:<\/strong>Professor Abronsius in DANCE OF THE VAMPIRES at the Theater St. Gallen, the Ronacher Vienna, the Musicaldome Cologne and the Theater des Westens in Berlin. Previously: 3 MUSKETIERE, URINETOWN, FRAU LUNA, DER KLEINE HORRORLADEN, LA CAGE AUX FOLLES, SCHUH DES MANITU, GRAF VON MONTE CHRISTO, YAKARI, JOSEPH, SUNSET BOULEVARD, ELISABETH, MOZART!, ARTUS and SATURDAY NIGHT FEVER.<\/p>\n<p><strong>Awards:<\/strong>Recipient of the Karl-Heinz Walther Prize 2013. Audience and Media Prize 2016 for \"Der eingebildet Kranke\" and Audience Prize 2018 for \"Die f\u00fcrchterlichen F\u00fcnf\" at the MUT Authors' Competition in Munich.<\/p>\n<p><a href=\"https:\/\/www.flostanek.at\">www.sebastianbrandmusic.com<\/a><\/p>\n<\/td>\n<td>\n<p style=\"text-align: left;\"><strong>Training:<\/strong>Studied at the \u00c9cole Int. de Th\u00e9\u00e2tre Jacques Lecoq, Paris and the Vienna Conservatory (today: MUK), Dept. of Musical Entertainment Theatre. Writing seminars at the SAGO Academy for Poetry and Music, directed by Christof St\u00e4hlin.<\/p>\n<p><strong>Book &amp; Lyrics:<\/strong>MATURE LADIES (premiere 2021, Theater Schwedt), NESTROY GALA 2020 (ORF III), NEUES JAHR, NEUES GL\u00dcCK (family show, Friedrichstadt-Palast Berlin 2022), ISOLATION CLUB (premiere 2021, Oper Chemnitz), KRONE DER ERSCH\u00d6PFUNG (revue, Kabarett Simpl 2021), HOCHZEIT DES FIGARO &amp; CARMEN (opera adaptations, Festival Kittsee), KALAHARI GEMSEN (sketch show, ORF 1), DIE F\u00dcRCHTERLICHEN F\u00dcNF (book &amp; lyrics, Next Liberty Graz), PREMIERENFIEBER AM OLYMP (book, Theater Willendorf), DER EINGEBILDET KRANKE - EINE MUSIKALISCHE SATIRE NACH MOLI\u00c8RE (book &amp; lyrics, Sommerkom\u00f6die Bad Freienwalde), PL\u00d6TZLICH PRINZ (adaptation, Metropol Wien), KOMMT NOCH WER? (lyrics &amp; music, Sommerkom\u00f6die Bad Freienwalde), SING BABY SING! (book, Sommerkom\u00f6die Bad Freienwalde), TEA AT THREE (book &amp; lyrics,<br \/>Konservatorium Wien), WAITING FOR ROMANCE (book, premiere Konservatorium Wien), WELTTAG DER NUDELSUPPE (sketch, Kabarett Simpl Wien)<\/p>\n<p><strong>Stage engagements:<\/strong>Most recently as Emcee in CABARET at the Tipi am Kanzleramt Berlin. Musical theatre and drama productions, e.g. Graz Opera, Landestheater Linz, Chemnitz Opera, Theater an der Wien, B\u00fchne Baden, etc. Productions: RAGTIME, THE HARE WITH THE AMBER EYES, EMIL AND THE DETECTIVES, THE THREE PENNY OPERA, THE BEAUTY AND THE BEAST, KISS ME KATE, VICTOR\/VICTORIA, etc....<strong><br \/><\/strong><\/p>\n<p><strong>Awards:<\/strong>\"Best Actor in a Leading Role\" - German Musical Theatre Award 2018. Media and Audience Award MUT Author Competition of the Staatstheater am G\u00e4rtnerplatz Munich 2016 for \"Der eingebildet Kranke - Das Musical\", Audience Award MUT Author Competition 2018 for \"Die f\u00fcrchterlichen F\u00fcnf\", Nomination Audience Award of the Austrian Cabaret Award with \"Kalahari Gemsen\".<\/p>\n<p><a href=\"https:\/\/www.flostanek.at\">www.flostanek.at<\/a><\/p>\n<\/td>\n<\/tr>\n<\/tbody>\n<\/table>\n\n\n<p><\/p>","protected":false},"excerpt":{"rendered":"<p>Sebastian Brand Florian Stanek Ausbildung: Schulmusikstudium an der Hochschule f\u00fcr Musik und Theater in M\u00fcnchen. Staatsexamen in den Hauptf\u00e4chern Klavier und Trompete. Studium zum Musicaldarsteller am Konservatorium Wien (Heute: MUK). Bachelor mit Auszeichnung. \u00a0 Komposition: ISOLATION CLUB (UA 2021, Oper Chemnitz), REIFE DAMEN (UA 2021, Theater Schwedt), NESTROY GALA 2020 (ORF III), DIE F\u00dcRCHTERLICHEN F\u00dcNF<\/p>\n<div><a class=\"btn-filled btn\" href=\"http:\/\/stanekbrandmeir.flostanek.at\/en\/ueber-uns\/\" title=\"About us\">Read More<\/a><\/div>","protected":false},"author":1,"featured_media":0,"parent":0,"menu_order":0,"comment_status":"closed","ping_status":"closed","template":"","meta":{"_monsterinsights_skip_tracking":false,"_monsterinsights_sitenote_active":false,"_monsterinsights_sitenote_note":"","_monsterinsights_sitenote_category":0,"jetpack_post_was_ever_published":false,"footnotes":""},"class_list":["post-23","page","type-page","status-publish","hentry"],"yoast_head":"<!-- This site is optimized with the Yoast SEO plugin v24.9 - https:\/\/yoast.com\/wordpress\/plugins\/seo\/ -->\n<title>\u00dcber uns - STANEK &amp; BRAND<\/title>\n<meta name=\"description\" content=\"Biografien und Informationen \u00fcber das \u00f6sterreichisch-deutsche Autorenduo Florian Stanek und Sebastian Brand.\" \/>\n<meta name=\"robots\" content=\"index, follow, max-snippet:-1, max-image-preview:large, max-video-preview:-1\" \/>\n<link rel=\"canonical\" href=\"http:\/\/stanekbrandmeir.flostanek.at\/en\/ueber-uns\/\" \/>\n<meta property=\"og:locale\" content=\"en_US\" \/>\n<meta property=\"og:type\" content=\"article\" \/>\n<meta property=\"og:title\" content=\"\u00dcber uns - STANEK &amp; BRAND\" \/>\n<meta property=\"og:description\" content=\"Biografien und Informationen \u00fcber das \u00f6sterreichisch-deutsche Autorenduo Florian Stanek und Sebastian Brand.\" \/>\n<meta property=\"og:url\" content=\"http:\/\/stanekbrandmeir.flostanek.at\/en\/ueber-uns\/\" \/>\n<meta property=\"og:site_name\" content=\"STANEK &amp; BRAND\" \/>\n<meta property=\"article:publisher\" content=\"https:\/\/www.facebook.com\/flo.stanek.9\" \/>\n<meta property=\"article:modified_time\" content=\"2021-11-03T14:53:59+00:00\" \/>\n<meta property=\"og:image\" content=\"https:\/\/stanekbrandmeir.flostanek.at\/wp-content\/uploads\/2020\/06\/MG_5686-Bearbeitet-4b-300x184.jpg\" \/>\n<meta name=\"twitter:card\" content=\"summary_large_image\" \/>\n<meta name=\"twitter:label1\" content=\"Est. reading time\" \/>\n\t<meta name=\"twitter:data1\" content=\"3 minutes\" \/>\n<script type=\"application\/ld+json\" class=\"yoast-schema-graph\">{\"@context\":\"https:\/\/schema.org\",\"@graph\":[{\"@type\":\"WebPage\",\"@id\":\"http:\/\/stanekbrandmeir.flostanek.at\/ueber-uns\/\",\"url\":\"http:\/\/stanekbrandmeir.flostanek.at\/ueber-uns\/\",\"name\":\"\u00dcber uns - STANEK &amp; BRAND\",\"isPartOf\":{\"@id\":\"http:\/\/stanekbrandmeir.flostanek.at\/#website\"},\"primaryImageOfPage\":{\"@id\":\"http:\/\/stanekbrandmeir.flostanek.at\/ueber-uns\/#primaryimage\"},\"image\":{\"@id\":\"http:\/\/stanekbrandmeir.flostanek.at\/ueber-uns\/#primaryimage\"},\"thumbnailUrl\":\"https:\/\/stanekbrandmeir.flostanek.at\/wp-content\/uploads\/2020\/06\/MG_5686-Bearbeitet-4b-300x184.jpg\",\"datePublished\":\"2017-07-27T11:20:03+00:00\",\"dateModified\":\"2021-11-03T14:53:59+00:00\",\"description\":\"Biografien und Informationen \u00fcber das \u00f6sterreichisch-deutsche Autorenduo Florian Stanek und Sebastian Brand.\",\"breadcrumb\":{\"@id\":\"http:\/\/stanekbrandmeir.flostanek.at\/ueber-uns\/#breadcrumb\"},\"inLanguage\":\"en-US\",\"potentialAction\":[{\"@type\":\"ReadAction\",\"target\":[\"http:\/\/stanekbrandmeir.flostanek.at\/ueber-uns\/\"]}]},{\"@type\":\"ImageObject\",\"inLanguage\":\"en-US\",\"@id\":\"http:\/\/stanekbrandmeir.flostanek.at\/ueber-uns\/#primaryimage\",\"url\":\"https:\/\/stanekbrandmeir.flostanek.at\/wp-content\/uploads\/2020\/06\/MG_5686-Bearbeitet-4b-300x184.jpg\",\"contentUrl\":\"https:\/\/stanekbrandmeir.flostanek.at\/wp-content\/uploads\/2020\/06\/MG_5686-Bearbeitet-4b-300x184.jpg\"},{\"@type\":\"BreadcrumbList\",\"@id\":\"http:\/\/stanekbrandmeir.flostanek.at\/ueber-uns\/#breadcrumb\",\"itemListElement\":[{\"@type\":\"ListItem\",\"position\":1,\"name\":\"Home\",\"item\":\"http:\/\/stanekbrandmeir.flostanek.at\/\"},{\"@type\":\"ListItem\",\"position\":2,\"name\":\"\u00dcber uns\"}]},{\"@type\":\"WebSite\",\"@id\":\"http:\/\/stanekbrandmeir.flostanek.at\/#website\",\"url\":\"http:\/\/stanekbrandmeir.flostanek.at\/\",\"name\":\"STANEK &amp; BRAND\",\"description\":\"Autoren f\u00fcr Musiktheater\",\"potentialAction\":[{\"@type\":\"SearchAction\",\"target\":{\"@type\":\"EntryPoint\",\"urlTemplate\":\"http:\/\/stanekbrandmeir.flostanek.at\/?s={search_term_string}\"},\"query-input\":{\"@type\":\"PropertyValueSpecification\",\"valueRequired\":true,\"valueName\":\"search_term_string\"}}],\"inLanguage\":\"en-US\"}]}<\/script>\n<!-- \/ Yoast SEO plugin. -->","yoast_head_json":{"title":"\u00dcber uns - STANEK &amp; BRAND","description":"Biografien und Informationen \u00fcber das \u00f6sterreichisch-deutsche Autorenduo Florian Stanek und Sebastian Brand.","robots":{"index":"index","follow":"follow","max-snippet":"max-snippet:-1","max-image-preview":"max-image-preview:large","max-video-preview":"max-video-preview:-1"},"canonical":"http:\/\/stanekbrandmeir.flostanek.at\/en\/ueber-uns\/","og_locale":"en_US","og_type":"article","og_title":"\u00dcber uns - STANEK &amp; BRAND","og_description":"Biografien und Informationen \u00fcber das \u00f6sterreichisch-deutsche Autorenduo Florian Stanek und Sebastian Brand.","og_url":"http:\/\/stanekbrandmeir.flostanek.at\/en\/ueber-uns\/","og_site_name":"STANEK &amp; BRAND","article_publisher":"https:\/\/www.facebook.com\/flo.stanek.9","article_modified_time":"2021-11-03T14:53:59+00:00","og_image":[{"url":"https:\/\/stanekbrandmeir.flostanek.at\/wp-content\/uploads\/2020\/06\/MG_5686-Bearbeitet-4b-300x184.jpg","type":"","width":"","height":""}],"twitter_card":"summary_large_image","twitter_misc":{"Est. reading time":"3 minutes"},"schema":{"@context":"https:\/\/schema.org","@graph":[{"@type":"WebPage","@id":"http:\/\/stanekbrandmeir.flostanek.at\/ueber-uns\/","url":"http:\/\/stanekbrandmeir.flostanek.at\/ueber-uns\/","name":"\u00dcber uns - STANEK &amp; BRAND","isPartOf":{"@id":"http:\/\/stanekbrandmeir.flostanek.at\/#website"},"primaryImageOfPage":{"@id":"http:\/\/stanekbrandmeir.flostanek.at\/ueber-uns\/#primaryimage"},"image":{"@id":"http:\/\/stanekbrandmeir.flostanek.at\/ueber-uns\/#primaryimage"},"thumbnailUrl":"https:\/\/stanekbrandmeir.flostanek.at\/wp-content\/uploads\/2020\/06\/MG_5686-Bearbeitet-4b-300x184.jpg","datePublished":"2017-07-27T11:20:03+00:00","dateModified":"2021-11-03T14:53:59+00:00","description":"Biografien und Informationen \u00fcber das \u00f6sterreichisch-deutsche Autorenduo Florian Stanek und Sebastian Brand.","breadcrumb":{"@id":"http:\/\/stanekbrandmeir.flostanek.at\/ueber-uns\/#breadcrumb"},"inLanguage":"en-US","potentialAction":[{"@type":"ReadAction","target":["http:\/\/stanekbrandmeir.flostanek.at\/ueber-uns\/"]}]},{"@type":"ImageObject","inLanguage":"en-US","@id":"http:\/\/stanekbrandmeir.flostanek.at\/ueber-uns\/#primaryimage","url":"https:\/\/stanekbrandmeir.flostanek.at\/wp-content\/uploads\/2020\/06\/MG_5686-Bearbeitet-4b-300x184.jpg","contentUrl":"https:\/\/stanekbrandmeir.flostanek.at\/wp-content\/uploads\/2020\/06\/MG_5686-Bearbeitet-4b-300x184.jpg"},{"@type":"BreadcrumbList","@id":"http:\/\/stanekbrandmeir.flostanek.at\/ueber-uns\/#breadcrumb","itemListElement":[{"@type":"ListItem","position":1,"name":"Home","item":"http:\/\/stanekbrandmeir.flostanek.at\/"},{"@type":"ListItem","position":2,"name":"\u00dcber uns"}]},{"@type":"WebSite","@id":"http:\/\/stanekbrandmeir.flostanek.at\/#website","url":"http:\/\/stanekbrandmeir.flostanek.at\/","name":"STANEK &amp; BRAND","description":"Authors for musical theatre","potentialAction":[{"@type":"SearchAction","target":{"@type":"EntryPoint","urlTemplate":"http:\/\/stanekbrandmeir.flostanek.at\/?s={search_term_string}"},"query-input":{"@type":"PropertyValueSpecification","valueRequired":true,"valueName":"search_term_string"}}],"inLanguage":"en-US"}]}},"jetpack_sharing_enabled":true,"jetpack_shortlink":"https:\/\/wp.me\/P9GkQl-n","jetpack_likes_enabled":true,"_links":{"self":[{"href":"http:\/\/stanekbrandmeir.flostanek.at\/en\/wp-json\/wp\/v2\/pages\/23","targetHints":{"allow":["GET"]}}],"collection":[{"href":"http:\/\/stanekbrandmeir.flostanek.at\/en\/wp-json\/wp\/v2\/pages"}],"about":[{"href":"http:\/\/stanekbrandmeir.flostanek.at\/en\/wp-json\/wp\/v2\/types\/page"}],"author":[{"embeddable":true,"href":"http:\/\/stanekbrandmeir.flostanek.at\/en\/wp-json\/wp\/v2\/users\/1"}],"replies":[{"embeddable":true,"href":"http:\/\/stanekbrandmeir.flostanek.at\/en\/wp-json\/wp\/v2\/comments?post=23"}],"version-history":[{"count":9,"href":"http:\/\/stanekbrandmeir.flostanek.at\/en\/wp-json\/wp\/v2\/pages\/23\/revisions"}],"predecessor-version":[{"id":3469,"href":"http:\/\/stanekbrandmeir.flostanek.at\/en\/wp-json\/wp\/v2\/pages\/23\/revisions\/3469"}],"wp:attachment":[{"href":"http:\/\/stanekbrandmeir.flostanek.at\/en\/wp-json\/wp\/v2\/media?parent=23"}],"curies":[{"name":"wp","href":"https:\/\/api.w.org\/{rel}","templated":true}]}}