{"id":3631,"date":"2023-03-20T11:28:59","date_gmt":"2023-03-20T10:28:59","guid":{"rendered":"http:\/\/stanekbrandmeir.flostanek.at\/?page_id=3631"},"modified":"2023-03-20T11:30:42","modified_gmt":"2023-03-20T10:30:42","slug":"das-neinhorn","status":"publish","type":"page","link":"http:\/\/stanekbrandmeir.flostanek.at\/en\/stuecke\/das-neinhorn\/","title":{"rendered":"Das Neinhorn"},"content":{"rendered":"<p><strong>Familienmusical nach dem Kinderbuch von Marc-Uwe Kling und Astrid Henn<\/strong><\/p>\n\n\n\n<p><strong>Book &amp; Lyrics: Florian Stanek<\/strong><br><strong>Music: Sebastian Brand<\/strong><\/p>\n\n\n\n<div class=\"wp-block-jetpack-slideshow aligncenter\" data-autoplay=\"true\" data-delay=\"3\" data-effect=\"fade\"><div class=\"wp-block-jetpack-slideshow_container swiper-container\"><ul class=\"wp-block-jetpack-slideshow_swiper-wrapper swiper-wrapper\"><li class=\"wp-block-jetpack-slideshow_slide swiper-slide\"><figure><img data-recalc-dims=\"1\" loading=\"lazy\" decoding=\"async\" width=\"1024\" height=\"682\" alt=\"\" class=\"wp-block-jetpack-slideshow_image wp-image-3630\" data-id=\"3630\" src=\"https:\/\/i0.wp.com\/stanekbrandmeir.flostanek.at\/wp-content\/uploads\/2023\/03\/NL_NEINHORN_133_A%C2%A9stella-Kopie.jpg?resize=1024%2C682\"\/><\/figure><\/li><li class=\"wp-block-jetpack-slideshow_slide swiper-slide\"><figure><img data-recalc-dims=\"1\" loading=\"lazy\" decoding=\"async\" width=\"1024\" height=\"683\" alt=\"\" class=\"wp-block-jetpack-slideshow_image wp-image-3632\" data-id=\"3632\" src=\"https:\/\/i0.wp.com\/stanekbrandmeir.flostanek.at\/wp-content\/uploads\/2023\/03\/NL_NEINHORN_009_A%C2%A9stella.jpg?resize=1024%2C683\"\/><\/figure><\/li><li class=\"wp-block-jetpack-slideshow_slide swiper-slide\"><figure><img data-recalc-dims=\"1\" loading=\"lazy\" decoding=\"async\" width=\"683\" height=\"1024\" alt=\"\" class=\"wp-block-jetpack-slideshow_image wp-image-3634\" data-id=\"3634\" src=\"https:\/\/i0.wp.com\/stanekbrandmeir.flostanek.at\/wp-content\/uploads\/2023\/03\/NL_NEINHORN_076_A%C2%A9stella-1-scaled-e1679307697601-683x1024.jpg?resize=683%2C1024\" srcset=\"https:\/\/i0.wp.com\/stanekbrandmeir.flostanek.at\/wp-content\/uploads\/2023\/03\/NL_NEINHORN_076_A%C2%A9stella-1-scaled-e1679307697601.jpg?resize=683%2C1024 683w, https:\/\/i0.wp.com\/stanekbrandmeir.flostanek.at\/wp-content\/uploads\/2023\/03\/NL_NEINHORN_076_A%C2%A9stella-1-scaled-e1679307697601.jpg?resize=200%2C300 200w, https:\/\/i0.wp.com\/stanekbrandmeir.flostanek.at\/wp-content\/uploads\/2023\/03\/NL_NEINHORN_076_A%C2%A9stella-1-scaled-e1679307697601.jpg?resize=768%2C1152 768w, https:\/\/i0.wp.com\/stanekbrandmeir.flostanek.at\/wp-content\/uploads\/2023\/03\/NL_NEINHORN_076_A%C2%A9stella-1-scaled-e1679307697601.jpg?resize=8%2C12 8w, https:\/\/i0.wp.com\/stanekbrandmeir.flostanek.at\/wp-content\/uploads\/2023\/03\/NL_NEINHORN_076_A%C2%A9stella-1-scaled-e1679307697601.jpg?w=1000 1000w\" sizes=\"(max-width: 683px) 100vw, 683px\" \/><\/figure><\/li><li class=\"wp-block-jetpack-slideshow_slide swiper-slide\"><figure><img data-recalc-dims=\"1\" loading=\"lazy\" decoding=\"async\" width=\"1024\" height=\"683\" alt=\"\" class=\"wp-block-jetpack-slideshow_image wp-image-3633\" data-id=\"3633\" src=\"https:\/\/i0.wp.com\/stanekbrandmeir.flostanek.at\/wp-content\/uploads\/2023\/03\/NL_NEINHORN_012_A%C2%A9stella.jpg?resize=1024%2C683\"\/><\/figure><\/li><li class=\"wp-block-jetpack-slideshow_slide swiper-slide\"><figure><img data-recalc-dims=\"1\" loading=\"lazy\" decoding=\"async\" width=\"683\" height=\"1024\" alt=\"\" class=\"wp-block-jetpack-slideshow_image wp-image-3635\" data-id=\"3635\" src=\"https:\/\/i0.wp.com\/stanekbrandmeir.flostanek.at\/wp-content\/uploads\/2023\/03\/NL_NEINHORN_118_A%C2%A9stella-scaled-e1679307689335-683x1024.jpg?resize=683%2C1024\" srcset=\"https:\/\/i0.wp.com\/stanekbrandmeir.flostanek.at\/wp-content\/uploads\/2023\/03\/NL_NEINHORN_118_A%C2%A9stella-scaled-e1679307689335.jpg?resize=683%2C1024 683w, https:\/\/i0.wp.com\/stanekbrandmeir.flostanek.at\/wp-content\/uploads\/2023\/03\/NL_NEINHORN_118_A%C2%A9stella-scaled-e1679307689335.jpg?resize=200%2C300 200w, https:\/\/i0.wp.com\/stanekbrandmeir.flostanek.at\/wp-content\/uploads\/2023\/03\/NL_NEINHORN_118_A%C2%A9stella-scaled-e1679307689335.jpg?resize=768%2C1152 768w, https:\/\/i0.wp.com\/stanekbrandmeir.flostanek.at\/wp-content\/uploads\/2023\/03\/NL_NEINHORN_118_A%C2%A9stella-scaled-e1679307689335.jpg?resize=8%2C12 8w, https:\/\/i0.wp.com\/stanekbrandmeir.flostanek.at\/wp-content\/uploads\/2023\/03\/NL_NEINHORN_118_A%C2%A9stella-scaled-e1679307689335.jpg?w=1000 1000w\" sizes=\"(max-width: 683px) 100vw, 683px\" \/><\/figure><\/li><li class=\"wp-block-jetpack-slideshow_slide swiper-slide\"><figure><img data-recalc-dims=\"1\" loading=\"lazy\" decoding=\"async\" width=\"683\" height=\"1024\" alt=\"\" class=\"wp-block-jetpack-slideshow_image wp-image-3636\" data-id=\"3636\" src=\"https:\/\/i0.wp.com\/stanekbrandmeir.flostanek.at\/wp-content\/uploads\/2023\/03\/NL_NEINHORN_123_A%C2%A9stella-scaled-e1679307682832-683x1024.jpg?resize=683%2C1024\" srcset=\"https:\/\/i0.wp.com\/stanekbrandmeir.flostanek.at\/wp-content\/uploads\/2023\/03\/NL_NEINHORN_123_A%C2%A9stella-scaled-e1679307682832.jpg?resize=683%2C1024 683w, https:\/\/i0.wp.com\/stanekbrandmeir.flostanek.at\/wp-content\/uploads\/2023\/03\/NL_NEINHORN_123_A%C2%A9stella-scaled-e1679307682832.jpg?resize=200%2C300 200w, https:\/\/i0.wp.com\/stanekbrandmeir.flostanek.at\/wp-content\/uploads\/2023\/03\/NL_NEINHORN_123_A%C2%A9stella-scaled-e1679307682832.jpg?resize=768%2C1152 768w, https:\/\/i0.wp.com\/stanekbrandmeir.flostanek.at\/wp-content\/uploads\/2023\/03\/NL_NEINHORN_123_A%C2%A9stella-scaled-e1679307682832.jpg?resize=8%2C12 8w, https:\/\/i0.wp.com\/stanekbrandmeir.flostanek.at\/wp-content\/uploads\/2023\/03\/NL_NEINHORN_123_A%C2%A9stella-scaled-e1679307682832.jpg?w=1000 1000w\" sizes=\"(max-width: 683px) 100vw, 683px\" \/><\/figure><\/li><li class=\"wp-block-jetpack-slideshow_slide swiper-slide\"><figure><img data-recalc-dims=\"1\" loading=\"lazy\" decoding=\"async\" width=\"683\" height=\"1024\" alt=\"\" class=\"wp-block-jetpack-slideshow_image wp-image-3637\" data-id=\"3637\" src=\"https:\/\/i0.wp.com\/stanekbrandmeir.flostanek.at\/wp-content\/uploads\/2023\/03\/NL_NEINHORN_130_A%C2%A9stella-scaled-e1679307674437-683x1024.jpg?resize=683%2C1024\" srcset=\"https:\/\/i0.wp.com\/stanekbrandmeir.flostanek.at\/wp-content\/uploads\/2023\/03\/NL_NEINHORN_130_A%C2%A9stella-scaled-e1679307674437.jpg?resize=683%2C1024 683w, https:\/\/i0.wp.com\/stanekbrandmeir.flostanek.at\/wp-content\/uploads\/2023\/03\/NL_NEINHORN_130_A%C2%A9stella-scaled-e1679307674437.jpg?resize=200%2C300 200w, https:\/\/i0.wp.com\/stanekbrandmeir.flostanek.at\/wp-content\/uploads\/2023\/03\/NL_NEINHORN_130_A%C2%A9stella-scaled-e1679307674437.jpg?resize=768%2C1152 768w, https:\/\/i0.wp.com\/stanekbrandmeir.flostanek.at\/wp-content\/uploads\/2023\/03\/NL_NEINHORN_130_A%C2%A9stella-scaled-e1679307674437.jpg?resize=8%2C12 8w, https:\/\/i0.wp.com\/stanekbrandmeir.flostanek.at\/wp-content\/uploads\/2023\/03\/NL_NEINHORN_130_A%C2%A9stella-scaled-e1679307674437.jpg?w=1000 1000w\" sizes=\"(max-width: 683px) 100vw, 683px\" \/><\/figure><\/li><li class=\"wp-block-jetpack-slideshow_slide swiper-slide\"><figure><img data-recalc-dims=\"1\" loading=\"lazy\" decoding=\"async\" width=\"1024\" height=\"683\" alt=\"\" class=\"wp-block-jetpack-slideshow_image wp-image-3639\" data-id=\"3639\" src=\"https:\/\/i0.wp.com\/stanekbrandmeir.flostanek.at\/wp-content\/uploads\/2023\/03\/NL_NEINHORN_142_A%C2%A9stella.jpg?resize=1024%2C683\"\/><\/figure><\/li><li class=\"wp-block-jetpack-slideshow_slide swiper-slide\"><figure><img data-recalc-dims=\"1\" loading=\"lazy\" decoding=\"async\" width=\"1024\" height=\"683\" alt=\"\" class=\"wp-block-jetpack-slideshow_image wp-image-3640\" data-id=\"3640\" src=\"https:\/\/i0.wp.com\/stanekbrandmeir.flostanek.at\/wp-content\/uploads\/2023\/03\/NL_NEINHORN_159_A%C2%A9stella.jpg?resize=1024%2C683\"\/><\/figure><\/li><\/ul><a class=\"wp-block-jetpack-slideshow_button-prev swiper-button-prev swiper-button-white\" role=\"button\"><\/a><a class=\"wp-block-jetpack-slideshow_button-next swiper-button-next swiper-button-white\" role=\"button\"><\/a><a aria-label=\"Pause Slideshow\" class=\"wp-block-jetpack-slideshow_button-pause\" role=\"button\"><\/a><div class=\"wp-block-jetpack-slideshow_pagination swiper-pagination swiper-pagination-white\"><\/div><\/div><\/div>\n\n\n\n<p><em>Fotos: Stella Kager, Next Liberty Graz<\/em><\/p>\n\n\n\n<p><strong>Cast<\/strong>: 4 D\/H, 1 Musiker<\/p>\n\n\n\n<p><strong>Premiere<\/strong>: 17.3.2023, Next Liberty Kinder- und Jugendtheater Graz<\/p>\n\n\n\n<p><strong>Story<\/strong><\/p>\n\n\n\n<p>Es war einmal im Land der Tr\u00e4ume \u2026 WAS? Im Herzwald, gleich hinter dem supersonnigen Sonnenh\u00fcgel, den zahlreichen zauberhaften Zypressen und dem sprudelnd-sch\u00e4umenden Seifenblasensee, wurde eines Tages ein schnickeldischnuckelig-s\u00fc\u00dfes Einhorn geboren \u2026 NA UND? Obwohl alle anderen Einh\u00f6rner (nat\u00fcrlich!) immer lilalieb zu ihm waren, es mit gezuckertem Gl\u00fccksklee, gereimtem Frohsinn und besten Absichten f\u00fcttern wollten, verhielt es sich \u00fcberhaupt ganz und gar nicht einhornm\u00e4\u00dfig, sondern sagte immer zu allem \u2026 NEIN! Ja, genau! Und deshalb nannte es seine Familie irgendwann nur noch NEINhorn und lie\u00df es lostraben, obwohl es gar nicht wusste, wohin es wollte \u2026 DOCH! Okay, auf seinem Weg nach \u201eNirgends\u201c begegnet es also dem WASb\u00e4ren, der schlecht- oder einfach nicht richtig zuh\u00f6rt, dem NAhUND, dem alles egal ist oder auch nicht, und einer K\u00f6nigsDOCHter, die immer Widerworte gibt, und findet heraus, dass man zu viert viel besser \u2026 NEIN! Dass auch Dagegen-Sein irgendwann \u2026 NEIN! Na gut, dann nicht. Dann m\u00fcsst ihr euch das einfach selbst anschauen.<\/p>\n\n\n\n<p>Diese nigelnagelneue Musical-Version von Marc-Uwe Klings grandiosem Kinderbuch-Hit verspricht beste Laune beim Schlechte-Laune-Zelebrieren, gutes Sprach-Spiel \u00fcber b\u00f6se Mienen und den perfekten Soundtrack f\u00fcr Trotz- und Punk-Phasen aller Generationen \u2013 kann man sich von einem frisch-frechen Fr\u00fchlings-B\u00fchnenboten noch mehr w\u00fcnschen? Na eben.<\/p>\n\n\n\n<p><strong>Reviews<\/strong><\/p>\n\n\n\n<blockquote class=\"wp-block-quote is-layout-flow wp-block-quote-is-layout-flow\">\n<p>\u201eVier Widerspenstige auf Wandertour sind ein Hit! (\u2026) Drei Neinhorn-Meisterschaften auf einen Streich: Marc-Uwe Klings und Astrid Henns Kinderbuch als Musical-Vorlage f\u00fcr Florian Stanek und Sebastian Brand inszeniert von Mira Stadler mit einer famosen Viererbande vom Next Liberty. Eine tolle Urauff\u00fchrung (\u2026) die zur quietschfidelen Wanderschaft samt Ohrw\u00fcrmern einl\u00e4dt. (\u2026) Kindlich rebellisch, Eigenwillen und Freundschaft erkundend, mit cleverem Wortwitz, M\u00e4rchenspuren und Schauerlebnis.\u201c(Elisabeth Willgruber-Spitz, Kleine Zeitung)<\/p>\n<\/blockquote>\n\n\n\n<blockquote class=\"wp-block-quote is-layout-flow wp-block-quote-is-layout-flow\">\n<p>\u201eF\u00fcr das Grazer Next Liberty haben Florian Stanek und Sebastian Brand eine bezaubernde Musical-Version aus Marc-Uwe Klings beliebtem Kinderbuch gezaubert. (..) Pures Vergn\u00fcgen f\u00fcr die ganze Familie (\u2026) \u00dcberaus sehenswert!\u201c(M. Reichart, Kronenzeitung)<\/p>\n<cite>(M. Reichart, Kronenzeitung)<\/cite><\/blockquote>\n\n\n\n<p><a href=\"https:\/\/nextliberty.buehnen-graz.com\/stuecke\/das-neinhorn\/\" target=\"_blank\" rel=\"noreferrer noopener\">Produktionsseite Next Liberty<\/a><\/p>","protected":false},"excerpt":{"rendered":"<p>Familienmusical nach dem Kinderbuch von Marc-Uwe Kling und Astrid Henn Text: Florian StanekMusik: Sebastian Brand Fotos: Stella Kager, Next Liberty Graz Besetzung: 4 D\/H, 1 Musiker Premiere: 17.3.2023, Next Liberty Kinder- und Jugendtheater Graz Inhalt Es war einmal im Land der Tr\u00e4ume \u2026 WAS? Im Herzwald, gleich hinter dem supersonnigen Sonnenh\u00fcgel, den zahlreichen zauberhaften Zypressen<\/p>\n<div><a class=\"btn-filled btn\" href=\"http:\/\/stanekbrandmeir.flostanek.at\/en\/stuecke\/das-neinhorn\/\" title=\"Das Neinhorn\">Read More<\/a><\/div>","protected":false},"author":1,"featured_media":0,"parent":21,"menu_order":0,"comment_status":"closed","ping_status":"closed","template":"","meta":{"_monsterinsights_skip_tracking":false,"_monsterinsights_sitenote_active":false,"_monsterinsights_sitenote_note":"","_monsterinsights_sitenote_category":0,"jetpack_post_was_ever_published":false,"footnotes":""},"class_list":["post-3631","page","type-page","status-publish","hentry"],"yoast_head":"<!-- This site is optimized with the Yoast SEO plugin v24.9 - https:\/\/yoast.com\/wordpress\/plugins\/seo\/ -->\n<title>Das Neinhorn - STANEK &amp; BRAND<\/title>\n<meta name=\"robots\" content=\"index, follow, max-snippet:-1, max-image-preview:large, max-video-preview:-1\" \/>\n<link rel=\"canonical\" href=\"http:\/\/stanekbrandmeir.flostanek.at\/en\/stuecke\/das-neinhorn\/\" \/>\n<meta property=\"og:locale\" content=\"en_US\" \/>\n<meta property=\"og:type\" content=\"article\" \/>\n<meta property=\"og:title\" content=\"Das Neinhorn - STANEK &amp; BRAND\" \/>\n<meta property=\"og:description\" content=\"Familienmusical nach dem Kinderbuch von Marc-Uwe Kling und Astrid Henn Text: Florian StanekMusik: Sebastian Brand Fotos: Stella Kager, Next Liberty Graz Besetzung: 4 D\/H, 1 Musiker Premiere: 17.3.2023, Next Liberty Kinder- und Jugendtheater Graz Inhalt Es war einmal im Land der Tr\u00e4ume \u2026 WAS? Im Herzwald, gleich hinter dem supersonnigen Sonnenh\u00fcgel, den zahlreichen zauberhaften ZypressenRead More\" \/>\n<meta property=\"og:url\" content=\"http:\/\/stanekbrandmeir.flostanek.at\/en\/stuecke\/das-neinhorn\/\" \/>\n<meta property=\"og:site_name\" content=\"STANEK &amp; BRAND\" \/>\n<meta property=\"article:publisher\" content=\"https:\/\/www.facebook.com\/flo.stanek.9\" \/>\n<meta property=\"article:modified_time\" content=\"2023-03-20T10:30:42+00:00\" \/>\n<meta property=\"og:image\" content=\"https:\/\/i0.wp.com\/stanekbrandmeir.flostanek.at\/wp-content\/uploads\/2018\/02\/MG_5740.1-Bearbeitet-4.jpg?fit=1181%2C1772\" \/>\n\t<meta property=\"og:image:width\" content=\"1181\" \/>\n\t<meta property=\"og:image:height\" content=\"1772\" \/>\n\t<meta property=\"og:image:type\" content=\"image\/jpeg\" \/>\n<meta name=\"twitter:card\" content=\"summary_large_image\" \/>\n<meta name=\"twitter:label1\" content=\"Est. reading time\" \/>\n\t<meta name=\"twitter:data1\" content=\"4 minutes\" \/>\n<script type=\"application\/ld+json\" class=\"yoast-schema-graph\">{\"@context\":\"https:\/\/schema.org\",\"@graph\":[{\"@type\":\"WebPage\",\"@id\":\"http:\/\/stanekbrandmeir.flostanek.at\/en\/stuecke\/das-neinhorn\/\",\"url\":\"http:\/\/stanekbrandmeir.flostanek.at\/en\/stuecke\/das-neinhorn\/\",\"name\":\"Das Neinhorn - STANEK &amp; BRAND\",\"isPartOf\":{\"@id\":\"http:\/\/stanekbrandmeir.flostanek.at\/#website\"},\"datePublished\":\"2023-03-20T10:28:59+00:00\",\"dateModified\":\"2023-03-20T10:30:42+00:00\",\"breadcrumb\":{\"@id\":\"http:\/\/stanekbrandmeir.flostanek.at\/en\/stuecke\/das-neinhorn\/#breadcrumb\"},\"inLanguage\":\"en-US\",\"potentialAction\":[{\"@type\":\"ReadAction\",\"target\":[\"http:\/\/stanekbrandmeir.flostanek.at\/en\/stuecke\/das-neinhorn\/\"]}]},{\"@type\":\"BreadcrumbList\",\"@id\":\"http:\/\/stanekbrandmeir.flostanek.at\/en\/stuecke\/das-neinhorn\/#breadcrumb\",\"itemListElement\":[{\"@type\":\"ListItem\",\"position\":1,\"name\":\"Home\",\"item\":\"http:\/\/stanekbrandmeir.flostanek.at\/\"},{\"@type\":\"ListItem\",\"position\":2,\"name\":\"St\u00fccke\",\"item\":\"https:\/\/stanekbrandmeir.flostanek.at\/en\/stuecke\/\"},{\"@type\":\"ListItem\",\"position\":3,\"name\":\"Das Neinhorn\"}]},{\"@type\":\"WebSite\",\"@id\":\"http:\/\/stanekbrandmeir.flostanek.at\/#website\",\"url\":\"http:\/\/stanekbrandmeir.flostanek.at\/\",\"name\":\"STANEK &amp; BRAND\",\"description\":\"Autoren f\u00fcr Musiktheater\",\"potentialAction\":[{\"@type\":\"SearchAction\",\"target\":{\"@type\":\"EntryPoint\",\"urlTemplate\":\"http:\/\/stanekbrandmeir.flostanek.at\/?s={search_term_string}\"},\"query-input\":{\"@type\":\"PropertyValueSpecification\",\"valueRequired\":true,\"valueName\":\"search_term_string\"}}],\"inLanguage\":\"en-US\"}]}<\/script>\n<!-- \/ Yoast SEO plugin. -->","yoast_head_json":{"title":"Das Neinhorn - STANEK &amp; BRAND","robots":{"index":"index","follow":"follow","max-snippet":"max-snippet:-1","max-image-preview":"max-image-preview:large","max-video-preview":"max-video-preview:-1"},"canonical":"http:\/\/stanekbrandmeir.flostanek.at\/en\/stuecke\/das-neinhorn\/","og_locale":"en_US","og_type":"article","og_title":"Das Neinhorn - STANEK &amp; BRAND","og_description":"Familienmusical nach dem Kinderbuch von Marc-Uwe Kling und Astrid Henn Text: Florian StanekMusik: Sebastian Brand Fotos: Stella Kager, Next Liberty Graz Besetzung: 4 D\/H, 1 Musiker Premiere: 17.3.2023, Next Liberty Kinder- und Jugendtheater Graz Inhalt Es war einmal im Land der Tr\u00e4ume \u2026 WAS? Im Herzwald, gleich hinter dem supersonnigen Sonnenh\u00fcgel, den zahlreichen zauberhaften ZypressenRead More","og_url":"http:\/\/stanekbrandmeir.flostanek.at\/en\/stuecke\/das-neinhorn\/","og_site_name":"STANEK &amp; BRAND","article_publisher":"https:\/\/www.facebook.com\/flo.stanek.9","article_modified_time":"2023-03-20T10:30:42+00:00","og_image":[{"width":1181,"height":1772,"url":"https:\/\/i0.wp.com\/stanekbrandmeir.flostanek.at\/wp-content\/uploads\/2018\/02\/MG_5740.1-Bearbeitet-4.jpg?fit=1181%2C1772","type":"image\/jpeg"}],"twitter_card":"summary_large_image","twitter_misc":{"Est. reading time":"4 minutes"},"schema":{"@context":"https:\/\/schema.org","@graph":[{"@type":"WebPage","@id":"http:\/\/stanekbrandmeir.flostanek.at\/en\/stuecke\/das-neinhorn\/","url":"http:\/\/stanekbrandmeir.flostanek.at\/en\/stuecke\/das-neinhorn\/","name":"Das Neinhorn - STANEK &amp; BRAND","isPartOf":{"@id":"http:\/\/stanekbrandmeir.flostanek.at\/#website"},"datePublished":"2023-03-20T10:28:59+00:00","dateModified":"2023-03-20T10:30:42+00:00","breadcrumb":{"@id":"http:\/\/stanekbrandmeir.flostanek.at\/en\/stuecke\/das-neinhorn\/#breadcrumb"},"inLanguage":"en-US","potentialAction":[{"@type":"ReadAction","target":["http:\/\/stanekbrandmeir.flostanek.at\/en\/stuecke\/das-neinhorn\/"]}]},{"@type":"BreadcrumbList","@id":"http:\/\/stanekbrandmeir.flostanek.at\/en\/stuecke\/das-neinhorn\/#breadcrumb","itemListElement":[{"@type":"ListItem","position":1,"name":"Home","item":"http:\/\/stanekbrandmeir.flostanek.at\/"},{"@type":"ListItem","position":2,"name":"St\u00fccke","item":"https:\/\/stanekbrandmeir.flostanek.at\/en\/stuecke\/"},{"@type":"ListItem","position":3,"name":"Das Neinhorn"}]},{"@type":"WebSite","@id":"http:\/\/stanekbrandmeir.flostanek.at\/#website","url":"http:\/\/stanekbrandmeir.flostanek.at\/","name":"STANEK &amp; BRAND","description":"Authors for musical theatre","potentialAction":[{"@type":"SearchAction","target":{"@type":"EntryPoint","urlTemplate":"http:\/\/stanekbrandmeir.flostanek.at\/?s={search_term_string}"},"query-input":{"@type":"PropertyValueSpecification","valueRequired":true,"valueName":"search_term_string"}}],"inLanguage":"en-US"}]}},"jetpack_sharing_enabled":true,"jetpack_shortlink":"https:\/\/wp.me\/P9GkQl-Wz","jetpack_likes_enabled":true,"_links":{"self":[{"href":"http:\/\/stanekbrandmeir.flostanek.at\/en\/wp-json\/wp\/v2\/pages\/3631","targetHints":{"allow":["GET"]}}],"collection":[{"href":"http:\/\/stanekbrandmeir.flostanek.at\/en\/wp-json\/wp\/v2\/pages"}],"about":[{"href":"http:\/\/stanekbrandmeir.flostanek.at\/en\/wp-json\/wp\/v2\/types\/page"}],"author":[{"embeddable":true,"href":"http:\/\/stanekbrandmeir.flostanek.at\/en\/wp-json\/wp\/v2\/users\/1"}],"replies":[{"embeddable":true,"href":"http:\/\/stanekbrandmeir.flostanek.at\/en\/wp-json\/wp\/v2\/comments?post=3631"}],"version-history":[{"count":1,"href":"http:\/\/stanekbrandmeir.flostanek.at\/en\/wp-json\/wp\/v2\/pages\/3631\/revisions"}],"predecessor-version":[{"id":3641,"href":"http:\/\/stanekbrandmeir.flostanek.at\/en\/wp-json\/wp\/v2\/pages\/3631\/revisions\/3641"}],"up":[{"embeddable":true,"href":"http:\/\/stanekbrandmeir.flostanek.at\/en\/wp-json\/wp\/v2\/pages\/21"}],"wp:attachment":[{"href":"http:\/\/stanekbrandmeir.flostanek.at\/en\/wp-json\/wp\/v2\/media?parent=3631"}],"curies":[{"name":"wp","href":"https:\/\/api.w.org\/{rel}","templated":true}]}}