{"id":3701,"date":"2026-03-31T11:09:54","date_gmt":"2026-03-31T09:09:54","guid":{"rendered":"http:\/\/stanekbrandmeir.flostanek.at\/?page_id=3701"},"modified":"2026-03-31T11:10:23","modified_gmt":"2026-03-31T09:10:23","slug":"bravissimo","status":"publish","type":"page","link":"http:\/\/stanekbrandmeir.flostanek.at\/en\/stuecke\/bravissimo\/","title":{"rendered":"Bravissimo!"},"content":{"rendered":"<p><strong>Eine abenteuerliche Entdeckungsreise durch das Theater an der Wien<\/strong><\/p>\n\n\n\n<p>Arrangements von Sebastian Brand<br>Text von Florian Stanek<\/p>\n\n\n\n<p>Urauff\u00fchrung 24.2.2025<\/p>\n\n\n\n<p>Die Aufregung ist gro\u00df, das Abenteuer beginnt, denn mit S\u00e4nger*innen und Musiker*innen machen wir uns auf, gemeinsam das Theater an der Wien zu erkunden: Wir spazieren durch magische Theaterr\u00e4ume, werfen einen Blick hinter die Kulissen und reisen mit viel Spa\u00df und Spannung durch Zeit und Geschichte des \u00fcber 200 Jahre alten Hauses. Bei dem kunterbunten Streifzug lernen wir die ganze Bandbreite des MusikTheaters kennen, d\u00fcrfen \u00fcber lustige Anekdoten aus dem Theateralltag lachen und staunen \u00fcber die eine oder andere \u00dcberraschung.\u00a0<em>Bravissimo!<\/em>\u00a0ist ein besonderes Erlebnis f\u00fcr jung &amp; alle ab 6 Jahren, denn Lampenfieber, Begeisterungsst\u00fcrme und B\u00fchnenzauber sind garantiert. Wir freuen uns auf jung &amp; alle, auf B\u00fchnengr\u00fcnschn\u00e4bel und alte Opernhasen, auf Divas, Maestros oder \u201eKulturbanausen\u201c gleicherma\u00dfen!<\/p>\n\n\n\n<p><strong>Inszenierung<\/strong><br>Sebastian Kranner<br><strong>B\u00fchne und Kost\u00fcm<\/strong><br>Anna Kreinecker<br><strong>Licht<\/strong><br>Karl Wiedemann<br><strong>Dramaturgie<\/strong><br>Christian Schr\u00f6der<br><strong>Sopran<\/strong><br>Verena Tranker<br><strong>Tenor<\/strong><br>Ily\u00e0 Dovnar<br><strong>Schauspieler<\/strong><br>Angelo Konzett <br>Jakob Pinter<br><strong>Violine<\/strong><br>Camilla Zenkl<br><strong>Klavier<\/strong><br>Vito Lattarulo<\/p>\n\n\n\n<p><a href=\"https:\/\/www.theater-wien.at\/de\/spielplan\/saison2025-26\/1505\/Bravissimo\">Link zu Produktionsseite<\/a><\/p>\n\n\n\n<figure class=\"wp-block-embed is-type-video is-provider-youtube wp-block-embed-youtube wp-embed-aspect-16-9 wp-has-aspect-ratio\"><div class=\"wp-block-embed__wrapper\">\n<div class=\"jetpack-video-wrapper\"><span class=\"embed-youtube\" style=\"text-align:center; display: block;\"><iframe loading=\"lazy\" class=\"youtube-player\" width=\"1140\" height=\"642\" src=\"https:\/\/www.youtube.com\/embed\/DUkCJCbGD68?version=3&#038;rel=1&#038;showsearch=0&#038;showinfo=1&#038;iv_load_policy=1&#038;fs=1&#038;hl=en-US&#038;autohide=2&#038;wmode=transparent\" allowfullscreen=\"true\" style=\"border:0;\" sandbox=\"allow-scripts allow-same-origin allow-popups allow-presentation allow-popups-to-escape-sandbox\"><\/iframe><\/span><\/div>\n<\/div><\/figure>","protected":false},"excerpt":{"rendered":"<p>Eine abenteuerliche Entdeckungsreise durch das Theater an der Wien Arrangements von Sebastian BrandText von Florian Stanek Urauff\u00fchrung 24.2.2025 Die Aufregung ist gro\u00df, das Abenteuer beginnt, denn mit S\u00e4nger*innen und Musiker*innen machen wir uns auf, gemeinsam das Theater an der Wien zu erkunden: Wir spazieren durch magische Theaterr\u00e4ume, werfen einen Blick hinter die Kulissen und reisen<\/p>\n<div><a class=\"btn-filled btn\" href=\"http:\/\/stanekbrandmeir.flostanek.at\/en\/stuecke\/bravissimo\/\" title=\"Bravissimo!\">Read More<\/a><\/div>","protected":false},"author":1,"featured_media":0,"parent":21,"menu_order":0,"comment_status":"closed","ping_status":"closed","template":"","meta":{"_monsterinsights_skip_tracking":false,"_monsterinsights_sitenote_active":false,"_monsterinsights_sitenote_note":"","_monsterinsights_sitenote_category":0,"jetpack_post_was_ever_published":false,"footnotes":""},"class_list":["post-3701","page","type-page","status-publish","hentry"],"yoast_head":"<!-- This site is optimized with the Yoast SEO plugin v24.9 - https:\/\/yoast.com\/wordpress\/plugins\/seo\/ -->\n<title>Bravissimo! - STANEK &amp; BRAND<\/title>\n<meta name=\"robots\" content=\"index, follow, max-snippet:-1, max-image-preview:large, max-video-preview:-1\" \/>\n<link rel=\"canonical\" href=\"http:\/\/stanekbrandmeir.flostanek.at\/en\/stuecke\/bravissimo\/\" \/>\n<meta property=\"og:locale\" content=\"en_US\" \/>\n<meta property=\"og:type\" content=\"article\" \/>\n<meta property=\"og:title\" content=\"Bravissimo! - STANEK &amp; BRAND\" \/>\n<meta property=\"og:description\" content=\"Eine abenteuerliche Entdeckungsreise durch das Theater an der Wien Arrangements von Sebastian BrandText von Florian Stanek Urauff\u00fchrung 24.2.2025 Die Aufregung ist gro\u00df, das Abenteuer beginnt, denn mit S\u00e4nger*innen und Musiker*innen machen wir uns auf, gemeinsam das Theater an der Wien zu erkunden: Wir spazieren durch magische Theaterr\u00e4ume, werfen einen Blick hinter die Kulissen und reisenRead More\" \/>\n<meta property=\"og:url\" content=\"http:\/\/stanekbrandmeir.flostanek.at\/en\/stuecke\/bravissimo\/\" \/>\n<meta property=\"og:site_name\" content=\"STANEK &amp; BRAND\" \/>\n<meta property=\"article:publisher\" content=\"https:\/\/www.facebook.com\/flo.stanek.9\" \/>\n<meta property=\"article:modified_time\" content=\"2026-03-31T09:10:23+00:00\" \/>\n<meta property=\"og:image\" content=\"https:\/\/i0.wp.com\/stanekbrandmeir.flostanek.at\/wp-content\/uploads\/2018\/02\/MG_5740.1-Bearbeitet-4.jpg?fit=1181%2C1772\" \/>\n\t<meta property=\"og:image:width\" content=\"1181\" \/>\n\t<meta property=\"og:image:height\" content=\"1772\" \/>\n\t<meta property=\"og:image:type\" content=\"image\/jpeg\" \/>\n<meta name=\"twitter:card\" content=\"summary_large_image\" \/>\n<meta name=\"twitter:label1\" content=\"Est. reading time\" \/>\n\t<meta name=\"twitter:data1\" content=\"1 minute\" \/>\n<script type=\"application\/ld+json\" class=\"yoast-schema-graph\">{\"@context\":\"https:\/\/schema.org\",\"@graph\":[{\"@type\":\"WebPage\",\"@id\":\"http:\/\/stanekbrandmeir.flostanek.at\/stuecke\/bravissimo\/\",\"url\":\"http:\/\/stanekbrandmeir.flostanek.at\/stuecke\/bravissimo\/\",\"name\":\"Bravissimo! - STANEK &amp; BRAND\",\"isPartOf\":{\"@id\":\"http:\/\/stanekbrandmeir.flostanek.at\/#website\"},\"datePublished\":\"2026-03-31T09:09:54+00:00\",\"dateModified\":\"2026-03-31T09:10:23+00:00\",\"breadcrumb\":{\"@id\":\"http:\/\/stanekbrandmeir.flostanek.at\/stuecke\/bravissimo\/#breadcrumb\"},\"inLanguage\":\"en-US\",\"potentialAction\":[{\"@type\":\"ReadAction\",\"target\":[\"http:\/\/stanekbrandmeir.flostanek.at\/stuecke\/bravissimo\/\"]}]},{\"@type\":\"BreadcrumbList\",\"@id\":\"http:\/\/stanekbrandmeir.flostanek.at\/stuecke\/bravissimo\/#breadcrumb\",\"itemListElement\":[{\"@type\":\"ListItem\",\"position\":1,\"name\":\"Home\",\"item\":\"http:\/\/stanekbrandmeir.flostanek.at\/\"},{\"@type\":\"ListItem\",\"position\":2,\"name\":\"St\u00fccke\",\"item\":\"https:\/\/stanekbrandmeir.flostanek.at\/en\/stuecke\/\"},{\"@type\":\"ListItem\",\"position\":3,\"name\":\"Bravissimo!\"}]},{\"@type\":\"WebSite\",\"@id\":\"http:\/\/stanekbrandmeir.flostanek.at\/#website\",\"url\":\"http:\/\/stanekbrandmeir.flostanek.at\/\",\"name\":\"STANEK &amp; BRAND\",\"description\":\"Autoren f\u00fcr Musiktheater\",\"potentialAction\":[{\"@type\":\"SearchAction\",\"target\":{\"@type\":\"EntryPoint\",\"urlTemplate\":\"http:\/\/stanekbrandmeir.flostanek.at\/?s={search_term_string}\"},\"query-input\":{\"@type\":\"PropertyValueSpecification\",\"valueRequired\":true,\"valueName\":\"search_term_string\"}}],\"inLanguage\":\"en-US\"}]}<\/script>\n<!-- \/ Yoast SEO plugin. -->","yoast_head_json":{"title":"Bravissimo! - STANEK &amp; BRAND","robots":{"index":"index","follow":"follow","max-snippet":"max-snippet:-1","max-image-preview":"max-image-preview:large","max-video-preview":"max-video-preview:-1"},"canonical":"http:\/\/stanekbrandmeir.flostanek.at\/en\/stuecke\/bravissimo\/","og_locale":"en_US","og_type":"article","og_title":"Bravissimo! - STANEK &amp; BRAND","og_description":"Eine abenteuerliche Entdeckungsreise durch das Theater an der Wien Arrangements von Sebastian BrandText von Florian Stanek Urauff\u00fchrung 24.2.2025 Die Aufregung ist gro\u00df, das Abenteuer beginnt, denn mit S\u00e4nger*innen und Musiker*innen machen wir uns auf, gemeinsam das Theater an der Wien zu erkunden: Wir spazieren durch magische Theaterr\u00e4ume, werfen einen Blick hinter die Kulissen und reisenRead More","og_url":"http:\/\/stanekbrandmeir.flostanek.at\/en\/stuecke\/bravissimo\/","og_site_name":"STANEK &amp; BRAND","article_publisher":"https:\/\/www.facebook.com\/flo.stanek.9","article_modified_time":"2026-03-31T09:10:23+00:00","og_image":[{"width":1181,"height":1772,"url":"https:\/\/i0.wp.com\/stanekbrandmeir.flostanek.at\/wp-content\/uploads\/2018\/02\/MG_5740.1-Bearbeitet-4.jpg?fit=1181%2C1772","type":"image\/jpeg"}],"twitter_card":"summary_large_image","twitter_misc":{"Est. reading time":"1 minute"},"schema":{"@context":"https:\/\/schema.org","@graph":[{"@type":"WebPage","@id":"http:\/\/stanekbrandmeir.flostanek.at\/stuecke\/bravissimo\/","url":"http:\/\/stanekbrandmeir.flostanek.at\/stuecke\/bravissimo\/","name":"Bravissimo! - STANEK &amp; BRAND","isPartOf":{"@id":"http:\/\/stanekbrandmeir.flostanek.at\/#website"},"datePublished":"2026-03-31T09:09:54+00:00","dateModified":"2026-03-31T09:10:23+00:00","breadcrumb":{"@id":"http:\/\/stanekbrandmeir.flostanek.at\/stuecke\/bravissimo\/#breadcrumb"},"inLanguage":"en-US","potentialAction":[{"@type":"ReadAction","target":["http:\/\/stanekbrandmeir.flostanek.at\/stuecke\/bravissimo\/"]}]},{"@type":"BreadcrumbList","@id":"http:\/\/stanekbrandmeir.flostanek.at\/stuecke\/bravissimo\/#breadcrumb","itemListElement":[{"@type":"ListItem","position":1,"name":"Home","item":"http:\/\/stanekbrandmeir.flostanek.at\/"},{"@type":"ListItem","position":2,"name":"St\u00fccke","item":"https:\/\/stanekbrandmeir.flostanek.at\/en\/stuecke\/"},{"@type":"ListItem","position":3,"name":"Bravissimo!"}]},{"@type":"WebSite","@id":"http:\/\/stanekbrandmeir.flostanek.at\/#website","url":"http:\/\/stanekbrandmeir.flostanek.at\/","name":"STANEK &amp; BRAND","description":"Authors for musical theatre","potentialAction":[{"@type":"SearchAction","target":{"@type":"EntryPoint","urlTemplate":"http:\/\/stanekbrandmeir.flostanek.at\/?s={search_term_string}"},"query-input":{"@type":"PropertyValueSpecification","valueRequired":true,"valueName":"search_term_string"}}],"inLanguage":"en-US"}]}},"jetpack_sharing_enabled":true,"jetpack_shortlink":"https:\/\/wp.me\/P9GkQl-XH","jetpack_likes_enabled":true,"_links":{"self":[{"href":"http:\/\/stanekbrandmeir.flostanek.at\/en\/wp-json\/wp\/v2\/pages\/3701","targetHints":{"allow":["GET"]}}],"collection":[{"href":"http:\/\/stanekbrandmeir.flostanek.at\/en\/wp-json\/wp\/v2\/pages"}],"about":[{"href":"http:\/\/stanekbrandmeir.flostanek.at\/en\/wp-json\/wp\/v2\/types\/page"}],"author":[{"embeddable":true,"href":"http:\/\/stanekbrandmeir.flostanek.at\/en\/wp-json\/wp\/v2\/users\/1"}],"replies":[{"embeddable":true,"href":"http:\/\/stanekbrandmeir.flostanek.at\/en\/wp-json\/wp\/v2\/comments?post=3701"}],"version-history":[{"count":1,"href":"http:\/\/stanekbrandmeir.flostanek.at\/en\/wp-json\/wp\/v2\/pages\/3701\/revisions"}],"predecessor-version":[{"id":3702,"href":"http:\/\/stanekbrandmeir.flostanek.at\/en\/wp-json\/wp\/v2\/pages\/3701\/revisions\/3702"}],"up":[{"embeddable":true,"href":"http:\/\/stanekbrandmeir.flostanek.at\/en\/wp-json\/wp\/v2\/pages\/21"}],"wp:attachment":[{"href":"http:\/\/stanekbrandmeir.flostanek.at\/en\/wp-json\/wp\/v2\/media?parent=3701"}],"curies":[{"name":"wp","href":"https:\/\/api.w.org\/{rel}","templated":true}]}}