{"id":78,"date":"2017-07-27T17:52:18","date_gmt":"2017-07-27T15:52:18","guid":{"rendered":"http:\/\/stanekbrandmeir.flostanek.at\/?page_id=78"},"modified":"2026-03-31T11:02:17","modified_gmt":"2026-03-31T09:02:17","slug":"der-eingebildete-kranke-reloaded","status":"publish","type":"page","link":"http:\/\/stanekbrandmeir.flostanek.at\/en\/stuecke\/der-eingebildete-kranke-reloaded\/","title":{"rendered":"The imaginary Invalid"},"content":{"rendered":"<figure class=\"wp-block-embed is-type-video is-provider-youtube wp-block-embed-youtube wp-embed-aspect-16-9 wp-has-aspect-ratio\"><div class=\"wp-block-embed__wrapper\">\n<div class=\"jetpack-video-wrapper\"><span class=\"embed-youtube\" style=\"text-align:center; display: block;\"><iframe loading=\"lazy\" class=\"youtube-player\" width=\"1140\" height=\"642\" src=\"https:\/\/www.youtube.com\/embed\/IxxsdR2EHcE?version=3&#038;rel=1&#038;showsearch=0&#038;showinfo=1&#038;iv_load_policy=1&#038;fs=1&#038;hl=en-US&#038;autohide=2&#038;wmode=transparent\" allowfullscreen=\"true\" style=\"border:0;\" sandbox=\"allow-scripts allow-same-origin allow-popups allow-presentation allow-popups-to-escape-sandbox\"><\/iframe><\/span><\/div>\n<\/div><\/figure>\n\n\n<p><strong>THE IMAGINARY INVALID<br \/><\/strong><\/p>\n<p><strong>based on Moli\u00e8re<br \/><\/strong><\/p>\n<p>Music: Sebastian Brand<br \/>Book &amp; Lyrics: Florian Stanek<\/p>\n<p><strong>Winners of AUDIENCE - and MEDIA AWARD at the<br \/>MUT AUTHORS COMPETITION of the G\u00e4rtnerplatztheater 2016!<\/strong><\/p>\n<p><strong><a href=\"https:\/\/i0.wp.com\/stanekbrandmeir.flostanek.at\/wp-content\/uploads\/2017\/07\/1404399559_mut_logo_muencheni-rgbkopie-1.jpg\"><img data-recalc-dims=\"1\" loading=\"lazy\" decoding=\"async\" data-attachment-id=\"122\" data-permalink=\"http:\/\/stanekbrandmeir.flostanek.at\/en\/stuecke\/der-eingebildete-kranke-reloaded\/1404399559_mut_logo_muencheni-rgbkopie-2\/\" data-orig-file=\"https:\/\/i0.wp.com\/stanekbrandmeir.flostanek.at\/wp-content\/uploads\/2017\/07\/1404399559_mut_logo_muencheni-rgbkopie-1.jpg?fit=150%2C151\" data-orig-size=\"150,151\" data-comments-opened=\"0\" data-image-meta=\"{&quot;aperture&quot;:&quot;0&quot;,&quot;credit&quot;:&quot;&quot;,&quot;camera&quot;:&quot;&quot;,&quot;caption&quot;:&quot;&quot;,&quot;created_timestamp&quot;:&quot;0&quot;,&quot;copyright&quot;:&quot;&quot;,&quot;focal_length&quot;:&quot;0&quot;,&quot;iso&quot;:&quot;0&quot;,&quot;shutter_speed&quot;:&quot;0&quot;,&quot;title&quot;:&quot;&quot;,&quot;orientation&quot;:&quot;1&quot;}\" data-image-title=\"Stanek &amp;#038; Brandmeir | Musicalautoren\" data-image-description=\"\" data-image-caption=\"\" data-large-file=\"https:\/\/i0.wp.com\/stanekbrandmeir.flostanek.at\/wp-content\/uploads\/2017\/07\/1404399559_mut_logo_muencheni-rgbkopie-1.jpg?fit=150%2C151\" class=\"alignnone size-full wp-image-122\" src=\"https:\/\/i0.wp.com\/stanekbrandmeir.flostanek.at\/wp-content\/uploads\/2017\/07\/1404399559_mut_logo_muencheni-rgbkopie-1.jpg?resize=150%2C151\" alt=\"\" width=\"150\" height=\"151\" srcset=\"https:\/\/i0.wp.com\/stanekbrandmeir.flostanek.at\/wp-content\/uploads\/2017\/07\/1404399559_mut_logo_muencheni-rgbkopie-1.jpg?w=150 150w, https:\/\/i0.wp.com\/stanekbrandmeir.flostanek.at\/wp-content\/uploads\/2017\/07\/1404399559_mut_logo_muencheni-rgbkopie-1.jpg?resize=100%2C100 100w\" sizes=\"auto, (max-width: 150px) 100vw, 150px\" \/><\/a><\/strong><\/p>\n<p><strong>Now in the programme of the Viennese stage publisher Schultz &amp; Schirm!<\/strong><\/p>\n<p><a href=\"http:\/\/www.schultzundschirm.com\">www.schultzundschirm.com<\/a><\/p>\n<p><a href=\"https:\/\/i0.wp.com\/stanekbrandmeir.flostanek.at\/wp-content\/uploads\/2020\/08\/SchultzLogo.png\"><img data-recalc-dims=\"1\" loading=\"lazy\" decoding=\"async\" data-attachment-id=\"3234\" data-permalink=\"http:\/\/stanekbrandmeir.flostanek.at\/en\/stuecke\/der-eingebildete-kranke-reloaded\/schultzlogo\/\" data-orig-file=\"https:\/\/i0.wp.com\/stanekbrandmeir.flostanek.at\/wp-content\/uploads\/2020\/08\/SchultzLogo.png?fit=271%2C152\" data-orig-size=\"271,152\" data-comments-opened=\"0\" data-image-meta=\"{&quot;aperture&quot;:&quot;0&quot;,&quot;credit&quot;:&quot;&quot;,&quot;camera&quot;:&quot;&quot;,&quot;caption&quot;:&quot;&quot;,&quot;created_timestamp&quot;:&quot;0&quot;,&quot;copyright&quot;:&quot;&quot;,&quot;focal_length&quot;:&quot;0&quot;,&quot;iso&quot;:&quot;0&quot;,&quot;shutter_speed&quot;:&quot;0&quot;,&quot;title&quot;:&quot;&quot;,&quot;orientation&quot;:&quot;0&quot;}\" data-image-title=\"Florian Stanek Sebastian Brand\" data-image-description=\"\" data-image-caption=\"\" data-large-file=\"https:\/\/i0.wp.com\/stanekbrandmeir.flostanek.at\/wp-content\/uploads\/2020\/08\/SchultzLogo.png?fit=271%2C152\" class=\"alignnone size-full wp-image-3234\" src=\"https:\/\/i0.wp.com\/stanekbrandmeir.flostanek.at\/wp-content\/uploads\/2020\/08\/SchultzLogo.png?resize=271%2C152\" alt=\"\" width=\"271\" height=\"152\"><\/a><\/p>\n<p><strong>Reviews<\/strong><\/p>\n<blockquote>\n<p>\"Bristling with humour and mocking musicality\"\n- DIe Kultur B5 aktuell<\/p>\n<p>\"The premiere guests were enthusiastic\" - M\u00e4rkische Oderzeitung<\/p>\n<p>\"Much applause and enthusiastic cheering\" - Klassikinfo.de<\/p>\n<p>\"There is yodelling, tap dancing. Fountains fire. It's fun to watch the play!\" - M\u00e4rkische Oderzeitung Online<\/p>\n<p>\"Huge applause\" - M\u00fcnchner Abendzeitung<\/p>\n<\/blockquote>\n<p><strong>Story<\/strong><\/p>\n<p>Based on Moli\u00e8re's classic and German TV-Shows of the 90ies such as \"Schwarzwaldklinik\" and \"Traumschiff\", this modern doctor satire was created. Since his early retirement, the well-off Axel has developed a considerable hypochondria. He therefore goes on endless spa visits to various posh accommodations, currently to the Kurhotel St. Moritz.<br \/>This benefits not least his second wife Melitta, who is not averse to luxury.<\/p>\n<p><strong>Casting<\/strong><\/p>\n<p>3f\/4m with an optional choir or ensemble<\/p>\n<p><strong>Music examples<\/strong><\/p>\n\n\n<figure class=\"wp-block-audio\"><audio controls src=\"http:\/\/stanekbrandmeir.flostanek.at\/wp-content\/uploads\/2020\/12\/Champagner.mp3\"><\/audio><figcaption class=\"wp-element-caption\">&#8222;<strong>Champagne!<\/strong>\", sung by Katharina Dorian, live from the Vienna Theater im Park<\/figcaption><\/figure>\n\n\n\n<figure class=\"wp-block-audio\"><audio controls src=\"http:\/\/stanekbrandmeir.flostanek.at\/wp-content\/uploads\/2020\/12\/Opening-240.mp3\"><\/audio><figcaption class=\"wp-element-caption\">&#8222;<strong>Opening<\/strong>\", sung by Sigrid Hauser, with Martin Berger, Claudia Rohnefeld, Katharina Dorian, Valerie Luksch, Dieter H\u00f6rmann. Live from the Vienna Theater im Park<\/figcaption><\/figure>\n\n\n\n<p><div id=\"metaslider-id-107\" style=\"max-width: 1000px;\" class=\"ml-slider-3-108-0 metaslider metaslider-flex metaslider-107 ml-slider has-dots-nav ms-theme-default\" role=\"region\" aria-label=\"EK Slider\" data-height=\"450\" data-width=\"1000\">\n    <div id=\"metaslider_container_107\">\n        <div id=\"metaslider_107\">\n            <ul class='slides'>\n                <li style=\"display: block; width: 100%;\" class=\"slide-108 ms-image\" aria-roledescription=\"slide\" data-date=\"2017-07-27 19:16:04\" data-filename=\"10A7121-e1585067347450-1000x450.jpg\" data-slide-type=\"image\"><img data-recalc-dims=\"1\" loading=\"lazy\" decoding=\"async\" src=\"https:\/\/i0.wp.com\/stanekbrandmeir.flostanek.at\/wp-content\/uploads\/2017\/07\/10A7121-e1585067347450-1000x450.jpg?resize=1000%2C450\" height=\"450\" width=\"1000\" alt=\"\" class=\"slider-107 slide-108 msDefaultImage\" \/><\/li>\n                <li style=\"display: none; width: 100%;\" class=\"slide-109 ms-image\" aria-roledescription=\"slide\" data-date=\"2017-07-27 19:16:04\" data-filename=\"10A7076-e1585067358329-1000x450.jpg\" data-slide-type=\"image\"><img data-recalc-dims=\"1\" loading=\"lazy\" decoding=\"async\" src=\"https:\/\/i0.wp.com\/stanekbrandmeir.flostanek.at\/wp-content\/uploads\/2017\/07\/10A7076-e1585067358329-1000x450.jpg?resize=1000%2C450\" height=\"450\" width=\"1000\" alt=\"\" class=\"slider-107 slide-109 msDefaultImage\" \/><\/li>\n                <li style=\"display: none; width: 100%;\" class=\"slide-110 ms-image\" aria-roledescription=\"slide\" data-date=\"2017-07-27 19:16:04\" data-filename=\"10A7054-1000x450.jpg\" data-slide-type=\"image\"><img data-recalc-dims=\"1\" loading=\"lazy\" decoding=\"async\" src=\"https:\/\/i0.wp.com\/stanekbrandmeir.flostanek.at\/wp-content\/uploads\/2017\/07\/10A7054.jpg?resize=1000%2C450\" height=\"450\" width=\"1000\" alt=\"\" class=\"slider-107 slide-110 msDefaultImage\" \/><\/li>\n            <\/ul>\n        <\/div>\n        \n    <\/div>\n<\/div><br><em>Photos of the presentation as part of the MUT competition. | (c) Christian Pogo Zach<\/em><\/p>\n\n\n\n<p><strong>TV Report<\/strong><\/p>\n\n\n\n<p>Premiere in Bad Freienwalde<\/p>\n\n\n\n<figure class=\"wp-block-embed is-type-video is-provider-youtube wp-block-embed-youtube wp-embed-aspect-4-3 wp-has-aspect-ratio\"><div class=\"wp-block-embed__wrapper\">\n<div class=\"jetpack-video-wrapper\"><span class=\"embed-youtube\" style=\"text-align:center; display: block;\"><iframe loading=\"lazy\" class=\"youtube-player\" width=\"1140\" height=\"642\" src=\"https:\/\/www.youtube.com\/embed\/esG_rQIiiIo?version=3&#038;rel=1&#038;showsearch=0&#038;showinfo=1&#038;iv_load_policy=1&#038;fs=1&#038;hl=en-US&#038;autohide=2&#038;wmode=transparent\" allowfullscreen=\"true\" style=\"border:0;\" sandbox=\"allow-scripts allow-same-origin allow-popups allow-presentation allow-popups-to-escape-sandbox\"><\/iframe><\/span><\/div>\n<\/div><\/figure>\n\n\n\n<p><strong>Production history<\/strong>:<\/p>\n\n\n\n<p>*) 2016 MUT Authors' Competition, Staatstheater am G\u00e4rtnerplatz Munich: Audience and Media Award<\/p>\n\n\n\n<p>*) 2016 Premiere Bad Freienwalde<\/p>\n\n\n\n<p>*) 2018 Amateurproduktion Musical- und Schauspiel Franken e.V.<\/p>\n\n\n\n<p>*) 2020 Schultz and Schirm Publishing House<\/p>\n\n\n\n<p>*) 2020 Reading in Michael Niavaranis Theater im Park, Vienna  <\/p>\n\n\n\n<p>*) Verwendung des Openings f\u00fcr die Nestroy Preisverleihung 2020 auf ORF III<\/p>\n\n\n\n<p>*) 2022 Produktion Freilichtb\u00fchne Bellenberg<\/p>\n\n\n\n<p>*) 2025 \u00d6sterreichische Erstauff\u00fchrung: Theater 82er Haus, Gablitz und Tschauner B\u00fchne Wien<\/p>","protected":false},"excerpt":{"rendered":"<p>DER EINGEBILDET KRANKE Eine musikalische Satire nach Moli\u00e8re Musik: Sebastian BrandBuch &amp; Liedtexte: Florian Stanek Gewinner von PUBLIKUMS &#8211; und MEDIENPREIS beimMUT-AUTORENWETTBEWERB des G\u00e4rtnerplatztheaters 2016! Jetzt im Programm des Wiener B\u00fchnenverlags Schultz &amp; Schirm! www.schultzundschirm.com Pressestimmen &#8222;Strotzt vor Humor und s\u00fcffisanter Musikalit\u00e4t&#8220; &#8211; Die Kultur B5 aktuell &#8222;Die Premiereng\u00e4ste zeigten sich begeistert&#8220; &#8211; M\u00e4rkische Oderzeitung<\/p>\n<div><a class=\"btn-filled btn\" href=\"http:\/\/stanekbrandmeir.flostanek.at\/en\/stuecke\/der-eingebildete-kranke-reloaded\/\" title=\"Der eingebildet Kranke &#8211; Eine musikalische Satire nach Moli\u00e8re\">Read More<\/a><\/div>","protected":false},"author":1,"featured_media":0,"parent":21,"menu_order":0,"comment_status":"closed","ping_status":"closed","template":"","meta":{"_monsterinsights_skip_tracking":false,"_monsterinsights_sitenote_active":false,"_monsterinsights_sitenote_note":"","_monsterinsights_sitenote_category":0,"jetpack_post_was_ever_published":false,"footnotes":""},"class_list":["post-78","page","type-page","status-publish","hentry"],"yoast_head":"<!-- This site is optimized with the Yoast SEO plugin v24.9 - https:\/\/yoast.com\/wordpress\/plugins\/seo\/ -->\n<title>Der eingebildet Kranke - Eine musikalische Satire nach Moli\u00e8re - STANEK &amp; BRAND<\/title>\n<meta name=\"description\" content=\"Moderne Bearbeitung des Klassikers von Moli\u00e8re. Gewinner MUT-Autorenwettbewerb 2016. Jetzt im Verlagsprogramm von Schultz &amp; Schirm.\" \/>\n<meta name=\"robots\" content=\"index, follow, max-snippet:-1, max-image-preview:large, max-video-preview:-1\" \/>\n<link rel=\"canonical\" href=\"http:\/\/stanekbrandmeir.flostanek.at\/en\/stuecke\/der-eingebildete-kranke-reloaded\/\" \/>\n<meta property=\"og:locale\" content=\"en_US\" \/>\n<meta property=\"og:type\" content=\"article\" \/>\n<meta property=\"og:title\" content=\"Der eingebildet Kranke - Eine musikalische Satire nach Moli\u00e8re - STANEK &amp; BRAND\" \/>\n<meta property=\"og:description\" content=\"Moderne Bearbeitung des Klassikers von Moli\u00e8re. Gewinner MUT-Autorenwettbewerb 2016. Jetzt im Verlagsprogramm von Schultz &amp; Schirm.\" \/>\n<meta property=\"og:url\" content=\"http:\/\/stanekbrandmeir.flostanek.at\/en\/stuecke\/der-eingebildete-kranke-reloaded\/\" \/>\n<meta property=\"og:site_name\" content=\"STANEK &amp; BRAND\" \/>\n<meta property=\"article:publisher\" content=\"https:\/\/www.facebook.com\/flo.stanek.9\" \/>\n<meta property=\"article:modified_time\" content=\"2026-03-31T09:02:17+00:00\" \/>\n<meta property=\"og:image\" content=\"http:\/\/stanekbrandmeir.flostanek.at\/wp-content\/uploads\/2017\/07\/1404399559_mut_logo_muencheni-rgbkopie-1.jpg\" \/>\n<meta name=\"twitter:card\" content=\"summary_large_image\" \/>\n<meta name=\"twitter:label1\" content=\"Est. reading time\" \/>\n\t<meta name=\"twitter:data1\" content=\"2 minutes\" \/>\n<script type=\"application\/ld+json\" class=\"yoast-schema-graph\">{\"@context\":\"https:\/\/schema.org\",\"@graph\":[{\"@type\":\"WebPage\",\"@id\":\"http:\/\/stanekbrandmeir.flostanek.at\/stuecke\/der-eingebildete-kranke-reloaded\/\",\"url\":\"http:\/\/stanekbrandmeir.flostanek.at\/stuecke\/der-eingebildete-kranke-reloaded\/\",\"name\":\"Der eingebildet Kranke - Eine musikalische Satire nach Moli\u00e8re - STANEK &amp; BRAND\",\"isPartOf\":{\"@id\":\"http:\/\/stanekbrandmeir.flostanek.at\/#website\"},\"primaryImageOfPage\":{\"@id\":\"http:\/\/stanekbrandmeir.flostanek.at\/stuecke\/der-eingebildete-kranke-reloaded\/#primaryimage\"},\"image\":{\"@id\":\"http:\/\/stanekbrandmeir.flostanek.at\/stuecke\/der-eingebildete-kranke-reloaded\/#primaryimage\"},\"thumbnailUrl\":\"http:\/\/stanekbrandmeir.flostanek.at\/wp-content\/uploads\/2017\/07\/1404399559_mut_logo_muencheni-rgbkopie-1.jpg\",\"datePublished\":\"2017-07-27T15:52:18+00:00\",\"dateModified\":\"2026-03-31T09:02:17+00:00\",\"description\":\"Moderne Bearbeitung des Klassikers von Moli\u00e8re. Gewinner MUT-Autorenwettbewerb 2016. Jetzt im Verlagsprogramm von Schultz & Schirm.\",\"breadcrumb\":{\"@id\":\"http:\/\/stanekbrandmeir.flostanek.at\/stuecke\/der-eingebildete-kranke-reloaded\/#breadcrumb\"},\"inLanguage\":\"en-US\",\"potentialAction\":[{\"@type\":\"ReadAction\",\"target\":[\"http:\/\/stanekbrandmeir.flostanek.at\/stuecke\/der-eingebildete-kranke-reloaded\/\"]}]},{\"@type\":\"ImageObject\",\"inLanguage\":\"en-US\",\"@id\":\"http:\/\/stanekbrandmeir.flostanek.at\/stuecke\/der-eingebildete-kranke-reloaded\/#primaryimage\",\"url\":\"http:\/\/stanekbrandmeir.flostanek.at\/wp-content\/uploads\/2017\/07\/1404399559_mut_logo_muencheni-rgbkopie-1.jpg\",\"contentUrl\":\"http:\/\/stanekbrandmeir.flostanek.at\/wp-content\/uploads\/2017\/07\/1404399559_mut_logo_muencheni-rgbkopie-1.jpg\"},{\"@type\":\"BreadcrumbList\",\"@id\":\"http:\/\/stanekbrandmeir.flostanek.at\/stuecke\/der-eingebildete-kranke-reloaded\/#breadcrumb\",\"itemListElement\":[{\"@type\":\"ListItem\",\"position\":1,\"name\":\"Home\",\"item\":\"http:\/\/stanekbrandmeir.flostanek.at\/\"},{\"@type\":\"ListItem\",\"position\":2,\"name\":\"St\u00fccke\",\"item\":\"https:\/\/stanekbrandmeir.flostanek.at\/en\/stuecke\/\"},{\"@type\":\"ListItem\",\"position\":3,\"name\":\"Der eingebildet Kranke &#8211; Eine musikalische Satire nach Moli\u00e8re\"}]},{\"@type\":\"WebSite\",\"@id\":\"http:\/\/stanekbrandmeir.flostanek.at\/#website\",\"url\":\"http:\/\/stanekbrandmeir.flostanek.at\/\",\"name\":\"STANEK &amp; BRAND\",\"description\":\"Autoren f\u00fcr Musiktheater\",\"potentialAction\":[{\"@type\":\"SearchAction\",\"target\":{\"@type\":\"EntryPoint\",\"urlTemplate\":\"http:\/\/stanekbrandmeir.flostanek.at\/?s={search_term_string}\"},\"query-input\":{\"@type\":\"PropertyValueSpecification\",\"valueRequired\":true,\"valueName\":\"search_term_string\"}}],\"inLanguage\":\"en-US\"}]}<\/script>\n<!-- \/ Yoast SEO plugin. -->","yoast_head_json":{"title":"Der eingebildet Kranke - Eine musikalische Satire nach Moli\u00e8re - STANEK &amp; BRAND","description":"Moderne Bearbeitung des Klassikers von Moli\u00e8re. Gewinner MUT-Autorenwettbewerb 2016. Jetzt im Verlagsprogramm von Schultz & Schirm.","robots":{"index":"index","follow":"follow","max-snippet":"max-snippet:-1","max-image-preview":"max-image-preview:large","max-video-preview":"max-video-preview:-1"},"canonical":"http:\/\/stanekbrandmeir.flostanek.at\/en\/stuecke\/der-eingebildete-kranke-reloaded\/","og_locale":"en_US","og_type":"article","og_title":"Der eingebildet Kranke - Eine musikalische Satire nach Moli\u00e8re - STANEK &amp; BRAND","og_description":"Moderne Bearbeitung des Klassikers von Moli\u00e8re. Gewinner MUT-Autorenwettbewerb 2016. Jetzt im Verlagsprogramm von Schultz & Schirm.","og_url":"http:\/\/stanekbrandmeir.flostanek.at\/en\/stuecke\/der-eingebildete-kranke-reloaded\/","og_site_name":"STANEK &amp; BRAND","article_publisher":"https:\/\/www.facebook.com\/flo.stanek.9","article_modified_time":"2026-03-31T09:02:17+00:00","og_image":[{"url":"http:\/\/stanekbrandmeir.flostanek.at\/wp-content\/uploads\/2017\/07\/1404399559_mut_logo_muencheni-rgbkopie-1.jpg","type":"","width":"","height":""}],"twitter_card":"summary_large_image","twitter_misc":{"Est. reading time":"2 minutes"},"schema":{"@context":"https:\/\/schema.org","@graph":[{"@type":"WebPage","@id":"http:\/\/stanekbrandmeir.flostanek.at\/stuecke\/der-eingebildete-kranke-reloaded\/","url":"http:\/\/stanekbrandmeir.flostanek.at\/stuecke\/der-eingebildete-kranke-reloaded\/","name":"Der eingebildet Kranke - Eine musikalische Satire nach Moli\u00e8re - STANEK &amp; BRAND","isPartOf":{"@id":"http:\/\/stanekbrandmeir.flostanek.at\/#website"},"primaryImageOfPage":{"@id":"http:\/\/stanekbrandmeir.flostanek.at\/stuecke\/der-eingebildete-kranke-reloaded\/#primaryimage"},"image":{"@id":"http:\/\/stanekbrandmeir.flostanek.at\/stuecke\/der-eingebildete-kranke-reloaded\/#primaryimage"},"thumbnailUrl":"http:\/\/stanekbrandmeir.flostanek.at\/wp-content\/uploads\/2017\/07\/1404399559_mut_logo_muencheni-rgbkopie-1.jpg","datePublished":"2017-07-27T15:52:18+00:00","dateModified":"2026-03-31T09:02:17+00:00","description":"Moderne Bearbeitung des Klassikers von Moli\u00e8re. Gewinner MUT-Autorenwettbewerb 2016. Jetzt im Verlagsprogramm von Schultz & Schirm.","breadcrumb":{"@id":"http:\/\/stanekbrandmeir.flostanek.at\/stuecke\/der-eingebildete-kranke-reloaded\/#breadcrumb"},"inLanguage":"en-US","potentialAction":[{"@type":"ReadAction","target":["http:\/\/stanekbrandmeir.flostanek.at\/stuecke\/der-eingebildete-kranke-reloaded\/"]}]},{"@type":"ImageObject","inLanguage":"en-US","@id":"http:\/\/stanekbrandmeir.flostanek.at\/stuecke\/der-eingebildete-kranke-reloaded\/#primaryimage","url":"http:\/\/stanekbrandmeir.flostanek.at\/wp-content\/uploads\/2017\/07\/1404399559_mut_logo_muencheni-rgbkopie-1.jpg","contentUrl":"http:\/\/stanekbrandmeir.flostanek.at\/wp-content\/uploads\/2017\/07\/1404399559_mut_logo_muencheni-rgbkopie-1.jpg"},{"@type":"BreadcrumbList","@id":"http:\/\/stanekbrandmeir.flostanek.at\/stuecke\/der-eingebildete-kranke-reloaded\/#breadcrumb","itemListElement":[{"@type":"ListItem","position":1,"name":"Home","item":"http:\/\/stanekbrandmeir.flostanek.at\/"},{"@type":"ListItem","position":2,"name":"St\u00fccke","item":"https:\/\/stanekbrandmeir.flostanek.at\/en\/stuecke\/"},{"@type":"ListItem","position":3,"name":"Der eingebildet Kranke &#8211; Eine musikalische Satire nach Moli\u00e8re"}]},{"@type":"WebSite","@id":"http:\/\/stanekbrandmeir.flostanek.at\/#website","url":"http:\/\/stanekbrandmeir.flostanek.at\/","name":"STANEK &amp; BRAND","description":"Authors for musical theatre","potentialAction":[{"@type":"SearchAction","target":{"@type":"EntryPoint","urlTemplate":"http:\/\/stanekbrandmeir.flostanek.at\/?s={search_term_string}"},"query-input":{"@type":"PropertyValueSpecification","valueRequired":true,"valueName":"search_term_string"}}],"inLanguage":"en-US"}]}},"jetpack_sharing_enabled":true,"jetpack_shortlink":"https:\/\/wp.me\/P9GkQl-1g","jetpack_likes_enabled":true,"_links":{"self":[{"href":"http:\/\/stanekbrandmeir.flostanek.at\/en\/wp-json\/wp\/v2\/pages\/78","targetHints":{"allow":["GET"]}}],"collection":[{"href":"http:\/\/stanekbrandmeir.flostanek.at\/en\/wp-json\/wp\/v2\/pages"}],"about":[{"href":"http:\/\/stanekbrandmeir.flostanek.at\/en\/wp-json\/wp\/v2\/types\/page"}],"author":[{"embeddable":true,"href":"http:\/\/stanekbrandmeir.flostanek.at\/en\/wp-json\/wp\/v2\/users\/1"}],"replies":[{"embeddable":true,"href":"http:\/\/stanekbrandmeir.flostanek.at\/en\/wp-json\/wp\/v2\/comments?post=78"}],"version-history":[{"count":7,"href":"http:\/\/stanekbrandmeir.flostanek.at\/en\/wp-json\/wp\/v2\/pages\/78\/revisions"}],"predecessor-version":[{"id":3696,"href":"http:\/\/stanekbrandmeir.flostanek.at\/en\/wp-json\/wp\/v2\/pages\/78\/revisions\/3696"}],"up":[{"embeddable":true,"href":"http:\/\/stanekbrandmeir.flostanek.at\/en\/wp-json\/wp\/v2\/pages\/21"}],"wp:attachment":[{"href":"http:\/\/stanekbrandmeir.flostanek.at\/en\/wp-json\/wp\/v2\/media?parent=78"}],"curies":[{"name":"wp","href":"https:\/\/api.w.org\/{rel}","templated":true}]}}